{"id":1944,"date":"2025-10-24T13:24:56","date_gmt":"2025-10-24T11:24:56","guid":{"rendered":"https:\/\/www.diekommitmanns.de\/joecockerstory\/?page_id=1944"},"modified":"2025-10-24T14:04:15","modified_gmt":"2025-10-24T12:04:15","slug":"intro","status":"publish","type":"page","link":"https:\/\/www.diekommitmanns.de\/joecockerstory\/","title":{"rendered":"Intro"},"content":{"rendered":"<h2 class=\"section-title\"><a href=\"https:\/\/www.diekommitmanns.de\/joecockerstory\/\">With a little help<\/a><\/h2>\n<p>Musiklegende Joe Cocker feiert \u201eAuferstehung\u201c Cockers Stern ging weltweit 1969 beim legend\u00e4ren Woodstock Festival auf. Sein Leben danach war ein einziges Auf und Ab. Er \u00fcberlebte trotz Drogen und Alkoholexzessen, er \u00fcberlebte alle musikalischen Trends, stand immer wieder auf und eroberte mit seiner unglaublichen Stimme Generationen von Fans. Verpackt in eine Geschichte, die das extreme Auf und Ab eines stets um sein Leben und seine Karriere k\u00e4mpfenden Stars real aufzeigt,\u2026<\/p>\n","protected":false},"excerpt":{"rendered":"<p>With a little help Musiklegende Joe Cocker feiert \u201eAuferstehung\u201c Cockers Stern ging weltweit 1969 beim legend\u00e4ren Woodstock Festival auf. Sein Leben danach war ein einziges [&hellip;]<\/p>\n","protected":false},"author":1,"featured_media":1883,"parent":0,"menu_order":0,"comment_status":"closed","ping_status":"closed","template":"","meta":{"_uag_custom_page_level_css":"","footnotes":""},"class_list":["post-1944","page","type-page","status-publish","has-post-thumbnail","hentry"],"uagb_featured_image_src":{"full":["https:\/\/www.diekommitmanns.de\/joecockerstory\/wp-content\/uploads\/cockershow-prem-presse-02.jpg",900,675,false],"thumbnail":["https:\/\/www.diekommitmanns.de\/joecockerstory\/wp-content\/uploads\/cockershow-prem-presse-02-150x150.jpg",150,150,true],"medium":["https:\/\/www.diekommitmanns.de\/joecockerstory\/wp-content\/uploads\/cockershow-prem-presse-02-300x225.jpg",300,225,true],"medium_large":["https:\/\/www.diekommitmanns.de\/joecockerstory\/wp-content\/uploads\/cockershow-prem-presse-02-768x576.jpg",640,480,true],"large":["https:\/\/www.diekommitmanns.de\/joecockerstory\/wp-content\/uploads\/cockershow-prem-presse-02.jpg",640,480,false],"1536x1536":["https:\/\/www.diekommitmanns.de\/joecockerstory\/wp-content\/uploads\/cockershow-prem-presse-02.jpg",900,675,false],"2048x2048":["https:\/\/www.diekommitmanns.de\/joecockerstory\/wp-content\/uploads\/cockershow-prem-presse-02.jpg",900,675,false],"creativ-singer-blog":["https:\/\/www.diekommitmanns.de\/joecockerstory\/wp-content\/uploads\/cockershow-prem-presse-02-360x270.jpg",360,270,true]},"uagb_author_info":{"display_name":"ziggyhorn","author_link":"https:\/\/www.diekommitmanns.de\/joecockerstory\/author\/ziggyhorn\/"},"uagb_comment_info":0,"uagb_excerpt":"With a little help Musiklegende Joe Cocker feiert \u201eAuferstehung\u201c Cockers Stern ging weltweit 1969 beim legend\u00e4ren Woodstock Festival auf. Sein Leben danach war ein einziges [&hellip;]","_links":{"self":[{"href":"https:\/\/www.diekommitmanns.de\/joecockerstory\/wp-json\/wp\/v2\/pages\/1944","targetHints":{"allow":["GET"]}}],"collection":[{"href":"https:\/\/www.diekommitmanns.de\/joecockerstory\/wp-json\/wp\/v2\/pages"}],"about":[{"href":"https:\/\/www.diekommitmanns.de\/joecockerstory\/wp-json\/wp\/v2\/types\/page"}],"author":[{"embeddable":true,"href":"https:\/\/www.diekommitmanns.de\/joecockerstory\/wp-json\/wp\/v2\/users\/1"}],"replies":[{"embeddable":true,"href":"https:\/\/www.diekommitmanns.de\/joecockerstory\/wp-json\/wp\/v2\/comments?post=1944"}],"version-history":[{"count":1,"href":"https:\/\/www.diekommitmanns.de\/joecockerstory\/wp-json\/wp\/v2\/pages\/1944\/revisions"}],"predecessor-version":[{"id":1945,"href":"https:\/\/www.diekommitmanns.de\/joecockerstory\/wp-json\/wp\/v2\/pages\/1944\/revisions\/1945"}],"wp:featuredmedia":[{"embeddable":true,"href":"https:\/\/www.diekommitmanns.de\/joecockerstory\/wp-json\/wp\/v2\/media\/1883"}],"wp:attachment":[{"href":"https:\/\/www.diekommitmanns.de\/joecockerstory\/wp-json\/wp\/v2\/media?parent=1944"}],"curies":[{"name":"wp","href":"https:\/\/api.w.org\/{rel}","templated":true}]}}