{"id":1982,"date":"2025-10-24T18:53:16","date_gmt":"2025-10-24T16:53:16","guid":{"rendered":"https:\/\/www.diekommitmanns.de\/joecockerstory\/?page_id=1982"},"modified":"2025-10-30T08:47:40","modified_gmt":"2025-10-30T07:47:40","slug":"impressum","status":"publish","type":"page","link":"https:\/\/www.diekommitmanns.de\/joecockerstory\/impressum\/","title":{"rendered":"Impressum"},"content":{"rendered":"<p><strong>Die Joe Cocker Story<\/strong><br \/>\nKatja Kutz | 0176-78337980<br \/>\nChris Tanzza\u00a0|\u00a00172-2845786<br \/>\ne-mail |\u00a0<em><a href=\"mailto:chris@diekommitmanns.de?subject=Nachricht%20von%20der%20Cocker%20Story%20Seite&amp;body=%20Hier%20bitte%20Ihre%20Nachricht%20schreiben\">chris(at)diekommitmanns.de<\/a><\/em><\/p>\n<hr \/>\n<p><strong>Booking \/\u00a0<\/strong><em><strong>UD Promotion<\/strong><\/em>:<br \/>\nUwe Darkow<br \/>\nTel | 02054-1244758<br \/>\nFax | 032223761035<br \/>\ne-mail |\u00a0 <em><a href=\"mailto:info@udpromo.de\">info@udpromo.de<\/a><\/em><\/p>\n<hr \/>\n<p><span style=\"font-size: 11px;\"><strong>Haftungshinweis<\/strong>: Trotz sorgf\u00e4ltiger inhaltlicher Kontrolle \u00fcbernehmen wir keine Haftung f\u00fcr die Inhalte externer Links. F\u00fcr den Inhalt der verlinkten Seiten sind ausschlie\u00dflich deren Betreiber verantwortlich.<\/span><\/p>\n<hr \/>\n<h3>Besetzung<\/h3>\n<p>hauptdarsteller, leadvoc + autor: chris tanzza | back voc + in weiteren Rollen:\u00a0<a href=\"http:\/\/www.katjakutz.de\/\" target=\"_blank\" rel=\"noopener\">katja kutz<\/a>\u00a0+ katja Jansen + silke cosmar\u00a0| drums: <a href=\"http:\/\/www.schlagzeugunterricht-dortmund.de\/\" target=\"_blank\" rel=\"noopener\">tom bargel<\/a> | keys: tom victor | guit: <a href=\"https:\/\/www.ziggyhorn.de\/\" target=\"_blank\" rel=\"noopener\">ziggy horn<\/a> | bass: <a href=\"https:\/\/www.ralf-lohmann.de\/\" target=\"_blank\" rel=\"noopener\">ralf lohmann<\/a><br \/>\n\u2192 <em>f\u00fcr mehr Infos zu den Musikern einfach auf die Namen clicken!<\/em><\/p>\n<hr \/>\n","protected":false},"excerpt":{"rendered":"<p>Die Joe Cocker Story Katja Kutz | 0176-78337980 Chris Tanzza\u00a0|\u00a00172-2845786 e-mail |\u00a0chris(at)diekommitmanns.de Booking \/\u00a0UD Promotion: Uwe Darkow Tel | 02054-1244758 Fax | 032223761035 e-mail |\u00a0 [&hellip;]<\/p>\n","protected":false},"author":1,"featured_media":1880,"parent":0,"menu_order":0,"comment_status":"closed","ping_status":"closed","template":"","meta":{"_uag_custom_page_level_css":"","footnotes":""},"class_list":["post-1982","page","type-page","status-publish","has-post-thumbnail","hentry"],"uagb_featured_image_src":{"full":["https:\/\/www.diekommitmanns.de\/joecockerstory\/wp-content\/uploads\/cockershow-prem09.jpg",900,582,false],"thumbnail":["https:\/\/www.diekommitmanns.de\/joecockerstory\/wp-content\/uploads\/cockershow-prem09-150x150.jpg",150,150,true],"medium":["https:\/\/www.diekommitmanns.de\/joecockerstory\/wp-content\/uploads\/cockershow-prem09-300x194.jpg",300,194,true],"medium_large":["https:\/\/www.diekommitmanns.de\/joecockerstory\/wp-content\/uploads\/cockershow-prem09-768x497.jpg",640,414,true],"large":["https:\/\/www.diekommitmanns.de\/joecockerstory\/wp-content\/uploads\/cockershow-prem09.jpg",640,414,false],"1536x1536":["https:\/\/www.diekommitmanns.de\/joecockerstory\/wp-content\/uploads\/cockershow-prem09.jpg",900,582,false],"2048x2048":["https:\/\/www.diekommitmanns.de\/joecockerstory\/wp-content\/uploads\/cockershow-prem09.jpg",900,582,false],"creativ-singer-blog":["https:\/\/www.diekommitmanns.de\/joecockerstory\/wp-content\/uploads\/cockershow-prem09-360x270.jpg",360,270,true]},"uagb_author_info":{"display_name":"ziggyhorn","author_link":"https:\/\/www.diekommitmanns.de\/joecockerstory\/author\/ziggyhorn\/"},"uagb_comment_info":0,"uagb_excerpt":"Die Joe Cocker Story Katja Kutz | 0176-78337980 Chris Tanzza\u00a0|\u00a00172-2845786 e-mail |\u00a0chris(at)diekommitmanns.de Booking \/\u00a0UD Promotion: Uwe Darkow Tel | 02054-1244758 Fax | 032223761035 e-mail |\u00a0 [&hellip;]","_links":{"self":[{"href":"https:\/\/www.diekommitmanns.de\/joecockerstory\/wp-json\/wp\/v2\/pages\/1982","targetHints":{"allow":["GET"]}}],"collection":[{"href":"https:\/\/www.diekommitmanns.de\/joecockerstory\/wp-json\/wp\/v2\/pages"}],"about":[{"href":"https:\/\/www.diekommitmanns.de\/joecockerstory\/wp-json\/wp\/v2\/types\/page"}],"author":[{"embeddable":true,"href":"https:\/\/www.diekommitmanns.de\/joecockerstory\/wp-json\/wp\/v2\/users\/1"}],"replies":[{"embeddable":true,"href":"https:\/\/www.diekommitmanns.de\/joecockerstory\/wp-json\/wp\/v2\/comments?post=1982"}],"version-history":[{"count":2,"href":"https:\/\/www.diekommitmanns.de\/joecockerstory\/wp-json\/wp\/v2\/pages\/1982\/revisions"}],"predecessor-version":[{"id":2038,"href":"https:\/\/www.diekommitmanns.de\/joecockerstory\/wp-json\/wp\/v2\/pages\/1982\/revisions\/2038"}],"wp:featuredmedia":[{"embeddable":true,"href":"https:\/\/www.diekommitmanns.de\/joecockerstory\/wp-json\/wp\/v2\/media\/1880"}],"wp:attachment":[{"href":"https:\/\/www.diekommitmanns.de\/joecockerstory\/wp-json\/wp\/v2\/media?parent=1982"}],"curies":[{"name":"wp","href":"https:\/\/api.w.org\/{rel}","templated":true}]}}