{"id":2,"date":"2025-10-20T18:28:24","date_gmt":"2025-10-20T16:28:24","guid":{"rendered":"https:\/\/www.diekommitmanns.de\/joecockerstory\/?page_id=2"},"modified":"2025-11-03T13:32:24","modified_gmt":"2025-11-03T12:32:24","slug":"info","status":"publish","type":"page","link":"https:\/\/www.diekommitmanns.de\/joecockerstory\/info\/","title":{"rendered":"Info"},"content":{"rendered":"<h2>Die Joe Cocker Story<\/h2>\n<h4>With a little help<\/h4>\n<p>Hallo liebe Freundinnen und Freunde,<br \/>\nnach all den Jahren, in denen sich Chris weigerte sich\u00a0einzugestehen, \u201cdann und wann mal\u201c wie\u00a0Joe Cocker\u00a0zu klingen, nun die L\u00e4uterung.\u00a0Jahrelang versuchten Plattenfirmen ihn zu \u00fcberzeugen, der deutsche Joe Cocker zu werden. Schon mit 19 Jahren stand die EMI Electrola vor der T\u00fcr.\u00a0KEINE CHANCE.<\/p>\n<p><a href=\"https:\/\/www.diekommitmanns.de\/joecockerstory\/wp-content\/uploads\/COCKERstory-2025_800.jpg\"><img decoding=\"async\" class=\"alignright\" style=\"padding: 4px; border: 1px solid #cccccc; border-radius: 5px;\" src=\"https:\/\/www.diekommitmanns.de\/joecockerstory\/wp-content\/uploads\/COCKERstory-2025_800.jpg\" alt=\"Die Joe Cocker Story\" width=\"35%\" title=\"Info\"><\/a>Hunderte Fans und Veranstalter versuchten ihn, \u00fcber die Jahre, nach den Gigs zu loben, mit dem immergleichen Satz: \u201c<em>Du erinnerst mich an Joe Cocker, die Stimme, die Ausstrahlung&#8230;<\/em>\u201c<br \/>\nChris quetschte sich immer ein mehr oder weniger freundliches \u201eDanke\u201c heraus und l\u00e4chelte gequ\u00e4lt.<br \/>\nNun, nach all diesen Jahren der Selbstgei\u00dfelung, nach dem Tode seines gro\u00dfen \u201cGesangszwillings\u201c Joe Cocker wird er es machen.<br \/>\nAlles ist bereitet: Er zeichnet als Autor f\u00fcr die \u201eJoe Cocker Story\u201c, kann schauspielerisch in Joe eintauchen und hat ein kleines aber feines Theater gefunden, in dem sich das alles umsetzen l\u00e4sst.<\/p>\n<p>Nat\u00fcrlich nimmt er f\u00fcr diese Mammutaufgabe seine \u201e<strong><a href=\"https:\/\/www.diekommitmanns.de\/\" target=\"_blank\" rel=\"noopener\">KOMM\u00b4MIT MANN!s<\/a><\/strong>\u201c mit, zumindest die Mehrzahl der Band, da auf die Bl\u00e4ser Matthias und Martin aus technischen Gegebenheiten verzichtet werden muss. Wie gesagt, ein kleines aber feines Theater mit gerade mal 200 Pl\u00e4tzen. Im Chor singt unsere Katja Kutz, die in diesem Theater bei Produktionen wie \u201eRing of fire\u201c und der Janis Joplin Revue \u201eCry Baby\u201c auf der B\u00fchne steht und wird erg\u00e4nzt von Schauspielerin und S\u00e4ngerin Silke Cosmar.<br \/>\n<a href=\"https:\/\/www.diekommitmanns.de\/joecockerstory\/wp-content\/uploads\/cockershow-prem07.jpg\"><img decoding=\"async\" class=\"alignright size-full wp-image-1878\" style=\"padding: 4px; border: 1px solid #cccccc; border-radius: 5px;\" src=\"https:\/\/www.diekommitmanns.de\/joecockerstory\/wp-content\/uploads\/cockershow-prem07.jpg\" alt=\"cockershow prem07\" width=\"35%\" title=\"Info\" srcset=\"https:\/\/www.diekommitmanns.de\/joecockerstory\/wp-content\/uploads\/cockershow-prem07.jpg 900w, https:\/\/www.diekommitmanns.de\/joecockerstory\/wp-content\/uploads\/cockershow-prem07-300x199.jpg 300w, https:\/\/www.diekommitmanns.de\/joecockerstory\/wp-content\/uploads\/cockershow-prem07-768x509.jpg 768w\" sizes=\"(max-width: 900px) 100vw, 900px\" \/><\/a>Auch alle anderen \u201eKOMMs\u201c, Ziggy Horn, Tom Bargel, J\u00f6rn Brackelsberg &amp; Thomas Victor werden ihr, in anderen Theaterproduktionen schon gezeigtes, schauspielerisches K\u00f6nnen unter Beweis stellen.<br \/>\nFreut Euch darauf, wenn Chris sich in einer Art Metamorphose in Joe Cocker verwandelt, unser lieber Ziggy zum arroganten \u201eMad Dogs and English Man&#8220;-Gitarristen Leon Russel mutiert, und Tom den schleimigen Manager Anthony Dee gibt.<\/p>\n<p>&nbsp;<\/p>\n<p style=\"padding-left: 40px;\"><em><span style=\"font-size: 16pt; color: #ff9900;\">\u2666 Freut Euch auf ein Eintauchen in die Zeit von Woodstock, Love and Peace, und geht mit uns den Weg von Good Old Joe Cocker \u00fcber die 80er, 90er bis ins neue Jahrtausend \u2666<\/span><\/em><\/p>\n","protected":false},"excerpt":{"rendered":"<p>Die Joe Cocker Story With a little help Hallo liebe Freundinnen und Freunde, nach all den Jahren, in denen sich Chris weigerte sich\u00a0einzugestehen, \u201cdann und [&hellip;]<\/p>\n","protected":false},"author":1,"featured_media":1915,"parent":0,"menu_order":0,"comment_status":"closed","ping_status":"closed","template":"","meta":{"_uag_custom_page_level_css":"","footnotes":""},"class_list":["post-2","page","type-page","status-publish","has-post-thumbnail","hentry"],"uagb_featured_image_src":{"full":["https:\/\/www.diekommitmanns.de\/joecockerstory\/wp-content\/uploads\/banner03.jpg",1800,1280,false],"thumbnail":["https:\/\/www.diekommitmanns.de\/joecockerstory\/wp-content\/uploads\/banner03-150x150.jpg",150,150,true],"medium":["https:\/\/www.diekommitmanns.de\/joecockerstory\/wp-content\/uploads\/banner03-300x213.jpg",300,213,true],"medium_large":["https:\/\/www.diekommitmanns.de\/joecockerstory\/wp-content\/uploads\/banner03-768x546.jpg",640,455,true],"large":["https:\/\/www.diekommitmanns.de\/joecockerstory\/wp-content\/uploads\/banner03-1024x728.jpg",640,455,true],"1536x1536":["https:\/\/www.diekommitmanns.de\/joecockerstory\/wp-content\/uploads\/banner03-1536x1092.jpg",1536,1092,true],"2048x2048":["https:\/\/www.diekommitmanns.de\/joecockerstory\/wp-content\/uploads\/banner03.jpg",1800,1280,false],"creativ-singer-blog":["https:\/\/www.diekommitmanns.de\/joecockerstory\/wp-content\/uploads\/banner03-360x270.jpg",360,270,true]},"uagb_author_info":{"display_name":"ziggyhorn","author_link":"https:\/\/www.diekommitmanns.de\/joecockerstory\/author\/ziggyhorn\/"},"uagb_comment_info":0,"uagb_excerpt":"Die Joe Cocker Story With a little help Hallo liebe Freundinnen und Freunde, nach all den Jahren, in denen sich Chris weigerte sich\u00a0einzugestehen, \u201cdann und [&hellip;]","_links":{"self":[{"href":"https:\/\/www.diekommitmanns.de\/joecockerstory\/wp-json\/wp\/v2\/pages\/2","targetHints":{"allow":["GET"]}}],"collection":[{"href":"https:\/\/www.diekommitmanns.de\/joecockerstory\/wp-json\/wp\/v2\/pages"}],"about":[{"href":"https:\/\/www.diekommitmanns.de\/joecockerstory\/wp-json\/wp\/v2\/types\/page"}],"author":[{"embeddable":true,"href":"https:\/\/www.diekommitmanns.de\/joecockerstory\/wp-json\/wp\/v2\/users\/1"}],"replies":[{"embeddable":true,"href":"https:\/\/www.diekommitmanns.de\/joecockerstory\/wp-json\/wp\/v2\/comments?post=2"}],"version-history":[{"count":13,"href":"https:\/\/www.diekommitmanns.de\/joecockerstory\/wp-json\/wp\/v2\/pages\/2\/revisions"}],"predecessor-version":[{"id":2058,"href":"https:\/\/www.diekommitmanns.de\/joecockerstory\/wp-json\/wp\/v2\/pages\/2\/revisions\/2058"}],"wp:featuredmedia":[{"embeddable":true,"href":"https:\/\/www.diekommitmanns.de\/joecockerstory\/wp-json\/wp\/v2\/media\/1915"}],"wp:attachment":[{"href":"https:\/\/www.diekommitmanns.de\/joecockerstory\/wp-json\/wp\/v2\/media?parent=2"}],"curies":[{"name":"wp","href":"https:\/\/api.w.org\/{rel}","templated":true}]}}