{"id":772,"date":"2025-10-20T18:39:43","date_gmt":"2025-10-20T16:39:43","guid":{"rendered":"https:\/\/www.diekommitmanns.de\/joecockerstory\/home\/"},"modified":"2025-11-03T13:09:12","modified_gmt":"2025-11-03T12:09:12","slug":"with-a-little-help","status":"publish","type":"page","link":"https:\/\/www.diekommitmanns.de\/joecockerstory\/with-a-little-help\/","title":{"rendered":"With a little help"},"content":{"rendered":"<h2>Musiklegende Joe Cocker feiert \u201eAuferstehung\u201c<\/h2>\n<p>Cockers Stern ging weltweit 1969 beim legend\u00e4ren Woodstock Festival auf.<br \/>\nSein Leben danach war ein einziges Auf und Ab. Er \u00fcberlebte trotz Drogen und Alkoholexzessen, er \u00fcberlebte alle musikalischen Trends, stand immer wieder auf und eroberte mit seiner unglaublichen Stimme Generationen von Fans.<\/p>\n<p><a href=\"https:\/\/www.diekommitmanns.de\/joecockerstory\/wp-content\/uploads\/COCKERstory-2025_800.jpg\"><img decoding=\"async\" class=\"alignright size-medium wp-image-1949\" style=\"padding: 4px; border: 1px solid #cccccc; border-radius: 5px;\" src=\"https:\/\/www.diekommitmanns.de\/joecockerstory\/wp-content\/uploads\/COCKERstory-2025_800-300x222.jpg\" alt=\"cockerstory 2025 800\" width=\"40%\" title=\"With a little help\" srcset=\"https:\/\/www.diekommitmanns.de\/joecockerstory\/wp-content\/uploads\/COCKERstory-2025_800-300x222.jpg 300w, https:\/\/www.diekommitmanns.de\/joecockerstory\/wp-content\/uploads\/COCKERstory-2025_800-768x568.jpg 768w, https:\/\/www.diekommitmanns.de\/joecockerstory\/wp-content\/uploads\/COCKERstory-2025_800.jpg 800w\" sizes=\"(max-width: 300px) 100vw, 300px\" \/><\/a>Verpackt in eine Geschichte, die das extreme Auf und Ab eines stets um sein Leben und seine Karriere k\u00e4mpfenden Stars real aufzeigt, entsteht eine perfekte Illusion. Chris Tanzza zeigt, das es sie immer noch gibt: diese Magie zwischen dem Publikum und Joe Cocker. (<em>Pressestimme RN Ruhrnachrichten<\/em>)<\/p>\n<p>Chris Tanzza spielt nicht Joe Cocker, er ist es!\u00a0 Stimmlich und auch mit der unvergleichlichen Motorik, die Cocker auf der B\u00fchne zeigte \u2013 Tanzza ist Cocker mit\u00a0 \u201eHaut und Haaren\u201c.<\/p>\n<p>Wenn Joe Cocker seinen \u201eNachfolger\u201c h\u00e4tte bestimmen k\u00f6nnen, dann h\u00e4tte er Chris Tanzza gew\u00e4hlt \u2013 ganz sicher! (<em>Pressestimme in-stadtmagazin<\/em>)<\/p>\n<p>\u2192 <a href=\"https:\/\/www.diekommitmanns.de\/joecockerstory\/info\/\">mehr Infos<\/a><\/p>\n<hr \/>\n<h3>Besetzung<\/h3>\n<p>hauptdarsteller, leadvoc + autor: chris tanzza | back voc + in weiteren Rollen:\u00a0<a href=\"http:\/\/www.katjakutz.de\" target=\"_blank\" rel=\"noopener\">katja kutz<\/a>\u00a0+ katja Jansen + silke cosmar\u00a0| drums: <a href=\"http:\/\/www.schlagzeugunterricht-dortmund.de\" target=\"_blank\" rel=\"noopener\">tom bargel<\/a> | keys: tom victor | guit: <a href=\"https:\/\/www.ziggyhorn.de\" target=\"_blank\" rel=\"noopener\">ziggy horn<\/a> | bass: <a href=\"https:\/\/www.ralf-lohmann.de\/\" target=\"_blank\" rel=\"noopener\">ralf lohmann<\/a><br \/>\n\u2192 <em>f\u00fcr mehr Infos zu den Musikern einfach auf die Namen clicken!<\/em><\/p>\n<hr \/>\n<div class=\"su-image-carousel  su-image-carousel-has-spacing su-image-carousel-crop su-image-carousel-crop-4-3 su-image-carousel-has-outline su-image-carousel-adaptive su-image-carousel-slides-style-default su-image-carousel-controls-style-dark su-image-carousel-align-none\" style=\"\" data-flickity-options='{\"groupCells\":true,\"cellSelector\":\".su-image-carousel-item\",\"adaptiveHeight\":false,\"cellAlign\":\"left\",\"prevNextButtons\":true,\"pageDots\":true,\"autoPlay\":3000,\"imagesLoaded\":true,\"contain\":true,\"selectedAttraction\":0.025000000000000001387778780781445675529539585113525390625,\"friction\":0.2800000000000000266453525910037569701671600341796875}' id=\"su_image_carousel_69f28165003db\"><div class=\"su-image-carousel-item\"><div class=\"su-image-carousel-item-content\"><img loading=\"lazy\" decoding=\"async\" width=\"640\" height=\"474\" src=\"https:\/\/www.diekommitmanns.de\/joecockerstory\/wp-content\/uploads\/COCKERstory-2025_800.jpg\" class=\"\" alt=\"cockerstory 2025 800\" srcset=\"https:\/\/www.diekommitmanns.de\/joecockerstory\/wp-content\/uploads\/COCKERstory-2025_800.jpg 800w, https:\/\/www.diekommitmanns.de\/joecockerstory\/wp-content\/uploads\/COCKERstory-2025_800-300x222.jpg 300w, https:\/\/www.diekommitmanns.de\/joecockerstory\/wp-content\/uploads\/COCKERstory-2025_800-768x568.jpg 768w\" sizes=\"auto, (max-width: 640px) 100vw, 640px\" title=\"With a little help\"><\/div><\/div><div class=\"su-image-carousel-item\"><div class=\"su-image-carousel-item-content\"><img loading=\"lazy\" decoding=\"async\" width=\"640\" height=\"427\" src=\"https:\/\/www.diekommitmanns.de\/joecockerstory\/wp-content\/uploads\/cockershow-prem-presse-14.jpg\" class=\"\" alt=\"cockershow prem presse 14\" srcset=\"https:\/\/www.diekommitmanns.de\/joecockerstory\/wp-content\/uploads\/cockershow-prem-presse-14.jpg 900w, https:\/\/www.diekommitmanns.de\/joecockerstory\/wp-content\/uploads\/cockershow-prem-presse-14-300x200.jpg 300w, https:\/\/www.diekommitmanns.de\/joecockerstory\/wp-content\/uploads\/cockershow-prem-presse-14-768x512.jpg 768w\" sizes=\"auto, (max-width: 640px) 100vw, 640px\" title=\"With a little help\"><\/div><\/div><div class=\"su-image-carousel-item\"><div class=\"su-image-carousel-item-content\"><img loading=\"lazy\" decoding=\"async\" width=\"640\" height=\"427\" src=\"https:\/\/www.diekommitmanns.de\/joecockerstory\/wp-content\/uploads\/cockershow-prem-presse-06.jpg\" class=\"\" alt=\"cockershow prem presse 06\" srcset=\"https:\/\/www.diekommitmanns.de\/joecockerstory\/wp-content\/uploads\/cockershow-prem-presse-06.jpg 900w, https:\/\/www.diekommitmanns.de\/joecockerstory\/wp-content\/uploads\/cockershow-prem-presse-06-300x200.jpg 300w, https:\/\/www.diekommitmanns.de\/joecockerstory\/wp-content\/uploads\/cockershow-prem-presse-06-768x512.jpg 768w\" sizes=\"auto, (max-width: 640px) 100vw, 640px\" title=\"With a little help\"><\/div><\/div><div class=\"su-image-carousel-item\"><div class=\"su-image-carousel-item-content\"><img loading=\"lazy\" decoding=\"async\" width=\"640\" height=\"480\" src=\"https:\/\/www.diekommitmanns.de\/joecockerstory\/wp-content\/uploads\/cockershow-prem-presse-00.jpg\" class=\"\" alt=\"cockershow prem presse 00\" srcset=\"https:\/\/www.diekommitmanns.de\/joecockerstory\/wp-content\/uploads\/cockershow-prem-presse-00.jpg 900w, https:\/\/www.diekommitmanns.de\/joecockerstory\/wp-content\/uploads\/cockershow-prem-presse-00-300x225.jpg 300w, https:\/\/www.diekommitmanns.de\/joecockerstory\/wp-content\/uploads\/cockershow-prem-presse-00-768x576.jpg 768w, https:\/\/www.diekommitmanns.de\/joecockerstory\/wp-content\/uploads\/cockershow-prem-presse-00-360x270.jpg 360w\" sizes=\"auto, (max-width: 640px) 100vw, 640px\" title=\"With a little help\"><\/div><\/div><div class=\"su-image-carousel-item\"><div class=\"su-image-carousel-item-content\"><img loading=\"lazy\" decoding=\"async\" width=\"640\" height=\"402\" src=\"https:\/\/www.diekommitmanns.de\/joecockerstory\/wp-content\/uploads\/cockershow-prem08.jpg\" class=\"\" alt=\"cockershow prem08\" srcset=\"https:\/\/www.diekommitmanns.de\/joecockerstory\/wp-content\/uploads\/cockershow-prem08.jpg 900w, https:\/\/www.diekommitmanns.de\/joecockerstory\/wp-content\/uploads\/cockershow-prem08-300x189.jpg 300w, https:\/\/www.diekommitmanns.de\/joecockerstory\/wp-content\/uploads\/cockershow-prem08-768x483.jpg 768w\" sizes=\"auto, (max-width: 640px) 100vw, 640px\" title=\"With a little help\"><\/div><\/div><div class=\"su-image-carousel-item\"><div class=\"su-image-carousel-item-content\"><img loading=\"lazy\" decoding=\"async\" width=\"640\" height=\"429\" src=\"https:\/\/www.diekommitmanns.de\/joecockerstory\/wp-content\/uploads\/cockershow-prem05.jpg\" class=\"\" alt=\"cockershow prem05\" srcset=\"https:\/\/www.diekommitmanns.de\/joecockerstory\/wp-content\/uploads\/cockershow-prem05.jpg 900w, https:\/\/www.diekommitmanns.de\/joecockerstory\/wp-content\/uploads\/cockershow-prem05-300x201.jpg 300w, https:\/\/www.diekommitmanns.de\/joecockerstory\/wp-content\/uploads\/cockershow-prem05-768x515.jpg 768w\" sizes=\"auto, (max-width: 640px) 100vw, 640px\" title=\"With a little help\"><\/div><\/div><div class=\"su-image-carousel-item\"><div class=\"su-image-carousel-item-content\"><img loading=\"lazy\" decoding=\"async\" width=\"640\" height=\"480\" src=\"https:\/\/www.diekommitmanns.de\/joecockerstory\/wp-content\/uploads\/neu-cocker-neu-900.jpg\" class=\"\" alt=\"neu cocker neu 900\" srcset=\"https:\/\/www.diekommitmanns.de\/joecockerstory\/wp-content\/uploads\/neu-cocker-neu-900.jpg 900w, https:\/\/www.diekommitmanns.de\/joecockerstory\/wp-content\/uploads\/neu-cocker-neu-900-300x225.jpg 300w, https:\/\/www.diekommitmanns.de\/joecockerstory\/wp-content\/uploads\/neu-cocker-neu-900-768x576.jpg 768w, https:\/\/www.diekommitmanns.de\/joecockerstory\/wp-content\/uploads\/neu-cocker-neu-900-360x270.jpg 360w\" sizes=\"auto, (max-width: 640px) 100vw, 640px\" title=\"With a little help\"><\/div><\/div><div class=\"su-image-carousel-item\"><div class=\"su-image-carousel-item-content\"><img loading=\"lazy\" decoding=\"async\" width=\"640\" height=\"425\" src=\"https:\/\/www.diekommitmanns.de\/joecockerstory\/wp-content\/uploads\/cockershow-prem07.jpg\" class=\"\" alt=\"cockershow prem07\" srcset=\"https:\/\/www.diekommitmanns.de\/joecockerstory\/wp-content\/uploads\/cockershow-prem07.jpg 900w, https:\/\/www.diekommitmanns.de\/joecockerstory\/wp-content\/uploads\/cockershow-prem07-300x199.jpg 300w, https:\/\/www.diekommitmanns.de\/joecockerstory\/wp-content\/uploads\/cockershow-prem07-768x509.jpg 768w\" sizes=\"auto, (max-width: 640px) 100vw, 640px\" title=\"With a little help\"><\/div><\/div><div class=\"su-image-carousel-item\"><div class=\"su-image-carousel-item-content\"><img loading=\"lazy\" decoding=\"async\" width=\"640\" height=\"425\" src=\"https:\/\/www.diekommitmanns.de\/joecockerstory\/wp-content\/uploads\/cockershow-prem04.jpg\" class=\"\" alt=\"cockershow prem04\" srcset=\"https:\/\/www.diekommitmanns.de\/joecockerstory\/wp-content\/uploads\/cockershow-prem04.jpg 900w, https:\/\/www.diekommitmanns.de\/joecockerstory\/wp-content\/uploads\/cockershow-prem04-300x199.jpg 300w, https:\/\/www.diekommitmanns.de\/joecockerstory\/wp-content\/uploads\/cockershow-prem04-768x510.jpg 768w\" sizes=\"auto, (max-width: 640px) 100vw, 640px\" title=\"With a little help\"><\/div><\/div><\/div><script id=\"su_image_carousel_69f28165003db_script\">if(window.SUImageCarousel){setTimeout(function() {window.SUImageCarousel.initGallery(document.getElementById(\"su_image_carousel_69f28165003db\"))}, 0);}var su_image_carousel_69f28165003db_script=document.getElementById(\"su_image_carousel_69f28165003db_script\");if(su_image_carousel_69f28165003db_script){su_image_carousel_69f28165003db_script.parentNode.removeChild(su_image_carousel_69f28165003db_script);}<\/script>\n","protected":false},"excerpt":{"rendered":"<p>Musiklegende Joe Cocker feiert \u201eAuferstehung\u201c Cockers Stern ging weltweit 1969 beim legend\u00e4ren Woodstock Festival auf. Sein Leben danach war ein einziges Auf und Ab. Er [&hellip;]<\/p>\n","protected":false},"author":1,"featured_media":1914,"parent":0,"menu_order":0,"comment_status":"closed","ping_status":"closed","template":"","meta":{"_uag_custom_page_level_css":"","footnotes":""},"class_list":["post-772","page","type-page","status-publish","has-post-thumbnail","hentry"],"uagb_featured_image_src":{"full":["https:\/\/www.diekommitmanns.de\/joecockerstory\/wp-content\/uploads\/banner.jpg",1800,1280,false],"thumbnail":["https:\/\/www.diekommitmanns.de\/joecockerstory\/wp-content\/uploads\/banner-150x150.jpg",150,150,true],"medium":["https:\/\/www.diekommitmanns.de\/joecockerstory\/wp-content\/uploads\/banner-300x213.jpg",300,213,true],"medium_large":["https:\/\/www.diekommitmanns.de\/joecockerstory\/wp-content\/uploads\/banner-768x546.jpg",640,455,true],"large":["https:\/\/www.diekommitmanns.de\/joecockerstory\/wp-content\/uploads\/banner-1024x728.jpg",640,455,true],"1536x1536":["https:\/\/www.diekommitmanns.de\/joecockerstory\/wp-content\/uploads\/banner-1536x1092.jpg",1536,1092,true],"2048x2048":["https:\/\/www.diekommitmanns.de\/joecockerstory\/wp-content\/uploads\/banner.jpg",1800,1280,false],"creativ-singer-blog":["https:\/\/www.diekommitmanns.de\/joecockerstory\/wp-content\/uploads\/banner-360x270.jpg",360,270,true]},"uagb_author_info":{"display_name":"ziggyhorn","author_link":"https:\/\/www.diekommitmanns.de\/joecockerstory\/author\/ziggyhorn\/"},"uagb_comment_info":0,"uagb_excerpt":"Musiklegende Joe Cocker feiert \u201eAuferstehung\u201c Cockers Stern ging weltweit 1969 beim legend\u00e4ren Woodstock Festival auf. Sein Leben danach war ein einziges Auf und Ab. Er [&hellip;]","_links":{"self":[{"href":"https:\/\/www.diekommitmanns.de\/joecockerstory\/wp-json\/wp\/v2\/pages\/772","targetHints":{"allow":["GET"]}}],"collection":[{"href":"https:\/\/www.diekommitmanns.de\/joecockerstory\/wp-json\/wp\/v2\/pages"}],"about":[{"href":"https:\/\/www.diekommitmanns.de\/joecockerstory\/wp-json\/wp\/v2\/types\/page"}],"author":[{"embeddable":true,"href":"https:\/\/www.diekommitmanns.de\/joecockerstory\/wp-json\/wp\/v2\/users\/1"}],"replies":[{"embeddable":true,"href":"https:\/\/www.diekommitmanns.de\/joecockerstory\/wp-json\/wp\/v2\/comments?post=772"}],"version-history":[{"count":20,"href":"https:\/\/www.diekommitmanns.de\/joecockerstory\/wp-json\/wp\/v2\/pages\/772\/revisions"}],"predecessor-version":[{"id":2053,"href":"https:\/\/www.diekommitmanns.de\/joecockerstory\/wp-json\/wp\/v2\/pages\/772\/revisions\/2053"}],"wp:featuredmedia":[{"embeddable":true,"href":"https:\/\/www.diekommitmanns.de\/joecockerstory\/wp-json\/wp\/v2\/media\/1914"}],"wp:attachment":[{"href":"https:\/\/www.diekommitmanns.de\/joecockerstory\/wp-json\/wp\/v2\/media?parent=772"}],"curies":[{"name":"wp","href":"https:\/\/api.w.org\/{rel}","templated":true}]}}