{"id":776,"date":"2025-10-20T18:39:43","date_gmt":"2025-10-20T16:39:43","guid":{"rendered":"https:\/\/www.diekommitmanns.de\/joecockerstory\/lessons\/"},"modified":"2025-10-27T10:51:56","modified_gmt":"2025-10-27T09:51:56","slug":"media-videos-audio","status":"publish","type":"page","link":"https:\/\/www.diekommitmanns.de\/joecockerstory\/media-videos-audio\/","title":{"rendered":"Media &#8211; Videos &#8211; Audio"},"content":{"rendered":"<p style=\"text-align: right;\">\u2192 <a href=\"#teaser\">Teaser<\/a> |\u2192 <a href=\"#interview\">Interview<\/a> |\u2192 <a href=\"#pressetexte\">Pressetexte<\/a> |\u2192 <a href=\"#pressefoto\">Pressefoto<\/a> |\u2192 <a href=\"#plakat\">Plakat<\/a><\/p>\n<h4>Teaser<\/h4>\n<p><a id=\"teaser\"><\/a>hier ein kurzer Teaser zur Show:<\/p>\n<p><a href=\"https:\/\/youtu.be\/IuNaYENxtSo\" target=\"_blank\" rel=\"noopener\"><img decoding=\"async\" class=\"\" style=\"width: 562px; border: 1px solid #aaaaaa; padding: 5px;\" src=\"https:\/\/www.diekommitmanns.de\/joecockerstory\/wp-content\/uploads\/kmms-cocker-trailer.jpg\" alt=\"Kmms Cocker Trailer\" height=\"305\" title=\"Media - Videos - Audio\"><\/a><\/p>\n<hr \/>\n<h4><img decoding=\"async\" class=\"bildrechts\" style=\"margin-top: 5px; margin-right: 8px; margin-left: 18px; border: 1px solid #aaaaaa; padding: 3px; width: 40%; float: right;\" src=\"https:\/\/www.diekommitmanns.de\/joecockerstory\/wp-content\/uploads\/mediathek.jpg\" alt=\"Mediathek\" title=\"Media - Videos - Audio\"><a id=\"interview\"><\/a>Interview<\/h4>\n<header>mit Chris Tanzza im <em>Musik- und Kulturmagazin aus Dortmund<\/em><br \/>\n(DO-MU-KU-MA) vom 20.09.2017<\/header>\n<p>L\u00e4nge: 55 min.<br \/>\nModeration: Klaus Lenser &#8211; Allgemeiner Rundfunkverein Dortmund e.V.<br \/>\nSender: Radio 91.2<\/p>\n<p>\u2192 <a href=\"https:\/\/www.nrwision.de\/mediathek\/do-mu-ku-ma-chris-tanzza-die-joe-cocker-story-170920\/\" target=\"_blank\" rel=\"noopener\">anh\u00f6ren<\/a><\/p>\n<hr \/>\n<h4><a id=\"pressetexte\"><\/a>Pressetexte:<\/h4>\n<h5>kurz:<\/h5>\n<p>Die Joe Cocker Story<br \/>\nCockers Stern ging weltweit 1969 beim legend\u00e4ren Woodstock Festival auf. Sein Leben danach, ein einziges Auf und Ab.<br \/>\nWas hat diesen Mann zu dem gemacht, was er war und ist? Eine Legende.<br \/>\nDie \u201eJoe Cocker Story\u201c versucht diese Frage mit seinen weltweit bekannten Songs und Szenen aus seinem Leben zu beantworten. Hauptdarsteller und \u201eGesangszwilling\u201c Chris Tanzza spielt nicht Joe Cocker. Er ist es!<\/p>\n<p>\u2192 <a href=\"https:\/\/www.diekommitmanns.de\/joecockerstory\/data\/uploads\/downloads\/cockerpressekurz.pdf\" target=\"_blank\" rel=\"noopener\">als PDF runterladen<\/a><\/p>\n<h5>Mittel:<\/h5>\n<p>Die Joe Cocker Story<br \/>\nCockers Stern ging weltweit 1969 beim legend\u00e4ren Woodstock Festival auf. Sein Leben danach, ein einziges Auf und Ab, doch er \u00fcberlebte. Was hat diesen Mann aus der englischen Stahlstadt Sheffield zu dem gemacht, was er war und ist? Eine Legende.<br \/>\nDie \u201eJoe Cocker Story\u201c versucht diese Frage mit seinen weltweit bekannten Songs und Szenen aus seinem Leben zu beantworten. Hauptdarsteller und \u201eGesangszwilling\u201c Chris Tanzza, hat seine Band und die S\u00e4ngerinnen Katja Kutz und Jane Palmer, die noch die Ehre hatte, Joe Cocker bei einigen Auftritten als Backings\u00e4ngerin zu begleiten, dabei. \u201eChris Tanzza spielt nicht Joe Cocker, er ist es\u201c.<\/p>\n<p>\u2192 <a href=\"https:\/\/www.diekommitmanns.de\/joecockerstory\/data\/uploads\/downloads\/cockerpressemittel.pdf\" target=\"_blank\" rel=\"noopener\">als PDF runterladen<\/a><\/p>\n<h5>Lang:<\/h5>\n<p>Die Joe Cocker Story<br \/>\nSein Stern ging weltweit 1969 beim legend\u00e4ren Woodstock Festival auf. Sein Leben danach, ein einziges Auf und Ab. Er geh\u00f6rte gef\u00fchlt zum \u201eClub 27\u201c, doch entgegen aller Erwartungen, sei es vom Management, der Musiker oder des Publikums: Cocker \u00fcberlebte!<br \/>\nEr \u00fcberlebte trotz Drogen und Alkoholexzessen, er \u00fcberlebte alle musikalischen Trends, stand immer wieder auf und eroberte mit seiner unglaublichen Reibeisenstimme Generationen von Fans.<br \/>\nWas hat diesen Mann aus der englischen Stahlstadt Sheffield zu dem gemacht, was er war und ist? Eine Legende.<br \/>\nDie \u201eJoe Cocker Story\u201c versucht diese Frage mit seinen weltweit bekannten Songs und Szenen aus seinem Leben zu beantworten. Hauptdarsteller und \u201eGesangszwilling\u201c Chris Tanzza, Kopf und S\u00e4nger der bundesweit bekannten Kultsoulband \u201eDie Komm`Mit Mann!s\u201c, hat seine Band und die S\u00e4ngerinnen Katja Kutz und Jane Palmer, die noch die Ehre hatte, Joe Cocker bei einigen Auftritten als Backings\u00e4ngerin zu begleiten, dabei.<br \/>\nTanzza\u00b4s, laut Presse \u201edie schw\u00e4rzeste wei\u00dfe Stimme Deutschlands\u201c, und Cockers Wege kreuzten sich oftmals. Von Anfang an lehnte er alle Angebote in Richtung \u201edeutscher Joe Cocker\u201e ab, obwohl er er Jahre sp\u00e4ter mit dem deutschen Produzenten Cockers in den legend\u00e4ren Maarwegstudios der Emi arbeitete. Er sang Demosongs f\u00fcr Joe, in der TV-Werbung kamen sie sich einige Male \u201ein die Quere\u201e.<br \/>\nF\u00fcr diese Story und zu Ehren Joe Cockers hat er sich \u00fcberzeugen lassen. \u201eChris Tanzza spielt nicht Joe Cocker, er ist es\u201c.<\/p>\n<p>\u2192\u00a0<a href=\"https:\/\/www.diekommitmanns.de\/joecockerstory\/data\/uploads\/downloads\/cockerpresselang.pdf\" target=\"_blank\" rel=\"noopener\">als PDF runterladen<\/a><\/p>\n<hr \/>\n<h4><a id=\"pressefoto\"><\/a>Pressefoto:<\/h4>\n<p><a id=\"fb\" href=\"https:\/\/www.diekommitmanns.de\/joecockerstory\/wp-content\/uploads\/cockershow-still-01-mit-logo-scaled.jpg\"><img decoding=\"async\" class=\"\" style=\"width: 598px; border: 1px solid #aaaaaa; padding: 5px;\" src=\"https:\/\/www.diekommitmanns.de\/joecockerstory\/wp-content\/uploads\/cockershow-still-01-mit-logo-scaled.jpg\" alt=\"Cockershow Still 01 Mit Logo Scaled\" height=\"443\" title=\"Media - Videos - Audio\"><\/a><\/p>\n<p>\u2192 <a href=\"https:\/\/www.diekommitmanns.de\/joecockerstory\/wp-content\/uploads\/cockershow-still-01-mit-logo-scaled.jpg\" target=\"_blank\" rel=\"noopener\">Bild\u00a0runterladen<\/a><\/p>\n<hr \/>\n<h4><a id=\"plakat\"><\/a>Plakat:<\/h4>\n<p><a id=\"fb\" href=\"https:\/\/www.diekommitmanns.de\/joecockerstory\/wp-content\/uploads\/cockerstory-plakat-2492x3520px-scaled.jpg\" rel=\"fb\"><img decoding=\"async\" style=\"width: 300px; border: 1px solid #aaaaaa; padding: 5px;\" src=\"https:\/\/www.diekommitmanns.de\/joecockerstory\/wp-content\/uploads\/cockerstory-plakat-2492x3520px-scaled.jpg\" alt=\"cockerstory plakat 2492x3520px\" title=\"Media - Videos - Audio\"><\/a><\/p>\n<p>\u2192 <a href=\"https:\/\/www.diekommitmanns.de\/joecockerstory\/wp-content\/uploads\/cockerstory-plakat-2492x3520px-scaled.jpg\" target=\"_blank\" rel=\"noopener\">Plakat\u00a0herunterladen<\/a>\u00a0(<em>2492x3520px<\/em>)<\/p>\n","protected":false},"excerpt":{"rendered":"<p>\u2192 Teaser |\u2192 Interview |\u2192 Pressetexte |\u2192 Pressefoto |\u2192 Plakat Teaser hier ein kurzer Teaser zur Show: Interview mit Chris Tanzza im Musik- und Kulturmagazin [&hellip;]<\/p>\n","protected":false},"author":1,"featured_media":1912,"parent":0,"menu_order":0,"comment_status":"closed","ping_status":"closed","template":"","meta":{"_uag_custom_page_level_css":"","footnotes":""},"class_list":["post-776","page","type-page","status-publish","has-post-thumbnail","hentry"],"uagb_featured_image_src":{"full":["https:\/\/www.diekommitmanns.de\/joecockerstory\/wp-content\/uploads\/banner02.jpg",1800,1280,false],"thumbnail":["https:\/\/www.diekommitmanns.de\/joecockerstory\/wp-content\/uploads\/banner02-150x150.jpg",150,150,true],"medium":["https:\/\/www.diekommitmanns.de\/joecockerstory\/wp-content\/uploads\/banner02-300x213.jpg",300,213,true],"medium_large":["https:\/\/www.diekommitmanns.de\/joecockerstory\/wp-content\/uploads\/banner02-768x546.jpg",640,455,true],"large":["https:\/\/www.diekommitmanns.de\/joecockerstory\/wp-content\/uploads\/banner02-1024x728.jpg",640,455,true],"1536x1536":["https:\/\/www.diekommitmanns.de\/joecockerstory\/wp-content\/uploads\/banner02-1536x1092.jpg",1536,1092,true],"2048x2048":["https:\/\/www.diekommitmanns.de\/joecockerstory\/wp-content\/uploads\/banner02.jpg",1800,1280,false],"creativ-singer-blog":["https:\/\/www.diekommitmanns.de\/joecockerstory\/wp-content\/uploads\/banner02-360x270.jpg",360,270,true]},"uagb_author_info":{"display_name":"ziggyhorn","author_link":"https:\/\/www.diekommitmanns.de\/joecockerstory\/author\/ziggyhorn\/"},"uagb_comment_info":0,"uagb_excerpt":"\u2192 Teaser |\u2192 Interview |\u2192 Pressetexte |\u2192 Pressefoto |\u2192 Plakat Teaser hier ein kurzer Teaser zur Show: Interview mit Chris Tanzza im Musik- und Kulturmagazin [&hellip;]","_links":{"self":[{"href":"https:\/\/www.diekommitmanns.de\/joecockerstory\/wp-json\/wp\/v2\/pages\/776","targetHints":{"allow":["GET"]}}],"collection":[{"href":"https:\/\/www.diekommitmanns.de\/joecockerstory\/wp-json\/wp\/v2\/pages"}],"about":[{"href":"https:\/\/www.diekommitmanns.de\/joecockerstory\/wp-json\/wp\/v2\/types\/page"}],"author":[{"embeddable":true,"href":"https:\/\/www.diekommitmanns.de\/joecockerstory\/wp-json\/wp\/v2\/users\/1"}],"replies":[{"embeddable":true,"href":"https:\/\/www.diekommitmanns.de\/joecockerstory\/wp-json\/wp\/v2\/comments?post=776"}],"version-history":[{"count":17,"href":"https:\/\/www.diekommitmanns.de\/joecockerstory\/wp-json\/wp\/v2\/pages\/776\/revisions"}],"predecessor-version":[{"id":2021,"href":"https:\/\/www.diekommitmanns.de\/joecockerstory\/wp-json\/wp\/v2\/pages\/776\/revisions\/2021"}],"wp:featuredmedia":[{"embeddable":true,"href":"https:\/\/www.diekommitmanns.de\/joecockerstory\/wp-json\/wp\/v2\/media\/1912"}],"wp:attachment":[{"href":"https:\/\/www.diekommitmanns.de\/joecockerstory\/wp-json\/wp\/v2\/media?parent=776"}],"curies":[{"name":"wp","href":"https:\/\/api.w.org\/{rel}","templated":true}]}}