{"id":170,"date":"2024-10-24T07:59:55","date_gmt":"2024-10-24T07:59:55","guid":{"rendered":"https:\/\/www.diekommitmanns.de\/soul3\/?page_id=170"},"modified":"2025-12-30T17:19:43","modified_gmt":"2025-12-30T17:19:43","slug":"news","status":"publish","type":"page","link":"https:\/\/www.diekommitmanns.de\/soul3\/news\/","title":{"rendered":"News"},"content":{"rendered":"<h3>Live Auftritte der Komm&#8217;Mit Mann!s<\/h3>\n<p>Infos auf der <a href=\"https:\/\/www.diekommitmanns.de\/soul3\/tour\/\">Terminseite<\/a>!<\/p>\n<hr \/>\n<h5>Lokalzeit Dortmund<\/h5>\n<p><a href=\"https:\/\/www.ardmediathek.de\/video\/lokalzeit-aus-dortmund\/lokalzeit-aus-dortmund-oder-09-01-2025\/wdr-dortmund\/Y3JpZDovL3dkci5kZS9CZWl0cmFnLXNvcGhvcmEtYzRiNDQ3OTYtYTE1Ny00MTgxLTk5MmItNDdjODY1OTkwODBl\" target=\"_blank\" rel=\"noopener\"><img decoding=\"async\" style=\"width: 60%;\" src=\"https:\/\/www.diekommitmanns.de\/joecockerstory\/data\/uploads\/djcs-lokalzeitdo-00.jpg\" alt=\"\" \/><\/a><\/p>\n<p>&#8222;<strong>Die Joe Cocker Story<\/strong>&#8220; <a href=\"https:\/\/www.ardmediathek.de\/video\/lokalzeit-aus-dortmund\/lokalzeit-aus-dortmund-oder-09-01-2025\/wdr-dortmund\/Y3JpZDovL3dkci5kZS9CZWl0cmFnLXNvcGhvcmEtYzRiNDQ3OTYtYTE1Ny00MTgxLTk5MmItNDdjODY1OTkwODBl\" target=\"_blank\" rel=\"noopener\">in der Lokalzeit Dortmund<\/a>\u00a0&#8211; <em><strong>ab 23:43min<\/strong><\/em>.<\/p>\n<hr \/>\n<h3>Bahnhof Langendreer &#8211; Bochum 2024<\/h3>\n<p><span style=\"font-size: 10pt;\">Sch\u00f6ne Photoserie und Konzertreview von unserem Gig im Bahnhof Langendreer &#8211; Bochum am 22.12.2024 Photos u. Review von R\u00fcdiger Schwenn &#8211; <a href=\"https:\/\/www.inside-ruhr.de\/inside-reviews\/die-komm-mit-mann-s\/\" target=\"_blank\" rel=\"noopener\">INSIDE-RUHR<\/a><\/span><\/p>\n<p><a href=\"https:\/\/www.inside-ruhr.de\/inside-reviews\/die-komm-mit-mann-s\/\" target=\"_blank\" rel=\"noopener\"><img loading=\"lazy\" decoding=\"async\" class=\"alignnone wp-image-354\" src=\"https:\/\/www.diekommitmanns.de\/soul3\/wp-content\/uploads\/2025\/01\/BO2024-INSIDE-RUHR-300x161.jpg\" alt=\"\" width=\"429\" height=\"230\" srcset=\"https:\/\/www.diekommitmanns.de\/soul3\/wp-content\/uploads\/2025\/01\/BO2024-INSIDE-RUHR-300x161.jpg 300w, https:\/\/www.diekommitmanns.de\/soul3\/wp-content\/uploads\/2025\/01\/BO2024-INSIDE-RUHR.jpg 950w\" sizes=\"auto, (max-width: 429px) 100vw, 429px\" \/><\/a><\/p>\n<hr \/>\n<h3>Genuss Pur &#8211; Iserlohn<\/h3>\n<p><span style=\"font-size: 10px;\"><span style=\"font-family: courier new,courier,monospace;\">Photos von Dennis Echtermann<\/span><\/span><\/p>\n<div class=\"su-custom-gallery su-custom-gallery-align-center su-custom-gallery-title-hover\"><div class=\"su-custom-gallery-slide\" style=\"width:220px;height:160px\"><a href=\"https:\/\/www.diekommitmanns.de\/soul3\/wp-content\/uploads\/2024\/10\/kmms-iserlohn-08.2023-015.jpg\" title=\"Iserlohn Genuss pur 2023\"><img loading=\"lazy\" decoding=\"async\" src=\"https:\/\/www.diekommitmanns.de\/soul3\/wp-content\/uploads\/2024\/10\/kmms-iserlohn-08.2023-015-220x160.jpg\" alt=\"Iserlohn Genuss pur 2023\" width=\"220\" height=\"160\" \/><span class=\"su-custom-gallery-title\">Iserlohn Genuss pur 2023<\/span><\/a><\/div><div class=\"su-custom-gallery-slide\" style=\"width:220px;height:160px\"><a href=\"https:\/\/www.diekommitmanns.de\/soul3\/wp-content\/uploads\/2024\/10\/kmms-iserlohn-08.2023-011.jpg\" title=\"Iserlohn Genuss pur 2023\"><img loading=\"lazy\" decoding=\"async\" src=\"https:\/\/www.diekommitmanns.de\/soul3\/wp-content\/uploads\/2024\/10\/kmms-iserlohn-08.2023-011-220x160.jpg\" alt=\"Iserlohn Genuss pur 2023\" width=\"220\" height=\"160\" \/><span class=\"su-custom-gallery-title\">Iserlohn Genuss pur 2023<\/span><\/a><\/div><div class=\"su-custom-gallery-slide\" style=\"width:220px;height:160px\"><a href=\"https:\/\/www.diekommitmanns.de\/soul3\/wp-content\/uploads\/2024\/10\/kmms-iserlohn-08.2023-007.jpg\" title=\"Iserlohn Genuss pur 2023\"><img loading=\"lazy\" decoding=\"async\" src=\"https:\/\/www.diekommitmanns.de\/soul3\/wp-content\/uploads\/2024\/10\/kmms-iserlohn-08.2023-007-220x160.jpg\" alt=\"Iserlohn Genuss pur 2023\" width=\"220\" height=\"160\" \/><span class=\"su-custom-gallery-title\">Iserlohn Genuss pur 2023<\/span><\/a><\/div><div class=\"su-custom-gallery-slide\" style=\"width:220px;height:160px\"><a href=\"https:\/\/www.diekommitmanns.de\/soul3\/wp-content\/uploads\/2024\/10\/kmms-iserlohn-08.2023-006.jpg\" title=\"Iserlohn Genuss pur 2023\"><img loading=\"lazy\" decoding=\"async\" src=\"https:\/\/www.diekommitmanns.de\/soul3\/wp-content\/uploads\/2024\/10\/kmms-iserlohn-08.2023-006-220x160.jpg\" alt=\"Iserlohn Genuss pur 2023\" width=\"220\" height=\"160\" \/><span class=\"su-custom-gallery-title\">Iserlohn Genuss pur 2023<\/span><\/a><\/div><div class=\"su-custom-gallery-slide\" style=\"width:220px;height:160px\"><a href=\"https:\/\/www.diekommitmanns.de\/soul3\/wp-content\/uploads\/2024\/10\/kmms-iserlohn-08.2023-005.jpg\" title=\"Iserlohn Genuss pur 2023\"><img loading=\"lazy\" decoding=\"async\" src=\"https:\/\/www.diekommitmanns.de\/soul3\/wp-content\/uploads\/2024\/10\/kmms-iserlohn-08.2023-005-220x160.jpg\" alt=\"Iserlohn Genuss pur 2023\" width=\"220\" height=\"160\" \/><span class=\"su-custom-gallery-title\">Iserlohn Genuss pur 2023<\/span><\/a><\/div><div class=\"su-clear\"><\/div><\/div>\n<hr \/>\n<header>\n<h3><a id=\"fb\" href=\"https:\/\/www.diekommitmanns.de\/soul3\/wp-content\/uploads\/2024\/10\/awo-fest-do-2019-kmms.jpg\" rel=\"fb\"><img decoding=\"async\" id=\"fb\" class=\"bildrechts\" style=\"margin-top: 5px; margin-right: 8px; margin-left: 18px; border: 1px solid #aaaaaa; padding: 3px; width: 40%; float: right;\" src=\"https:\/\/www.diekommitmanns.de\/soul3\/wp-content\/uploads\/2024\/10\/awo-fest-do-2019-kmms.jpg\" alt=\"\" \/><\/a>AWO Fest Dortmund<\/h3>\n<p><em>\u00a0&#8211;\u00a0Was ein Abend!<\/em><\/p>\n<\/header>\n<p>Danke an die AWO Dortmund und an das tolle Publikum&#8230;<\/p>\n<p>Am Fr. 30 August wurde das 100 J\u00e4hrige Jubil\u00e4um der AWO in Dortmund gefeiert. Es war sch\u00f6n dabei gewesen zu sein.<\/p>\n<p>&nbsp;<\/p>\n<hr \/>\n<header>\n<h3>Interview<\/h3>\n<p><img decoding=\"async\" class=\"bildrechts\" style=\"margin-top: 5px; margin-right: 8px; margin-left: 18px; border: 1px solid #aaaaaa; padding: 3px; width: 40%; float: right;\" src=\"https:\/\/www.diekommitmanns.de\/soul3\/wp-content\/uploads\/2024\/10\/mediathek-do-mu-ku-ma.jpg\" alt=\"\" \/>Interview mit Chris Tanzza im <em>Musik- und Kulturmagazin aus Dortmund<\/em><\/p>\n<\/header>\n<p>(DO-MU-KU-MA) <!-- vom 23.05.2017--><br \/>\nL\u00e4nge: 54\u00a0min.<br \/>\nModeration: Klaus Lenser<br \/>\n&#8211; Allgemeiner Rundfunkverein Dortmund e.V.<br \/>\nSender:\u00a0Radio 91.2<\/p>\n<p>\u2192 <a href=\"https:\/\/www.nrwision.de\/mediathek\/suche?no_cache=1&amp;query=Chris+Tanzza\" target=\"_blank\" rel=\"noopener\">anh\u00f6ren<\/a><\/p>\n<hr \/>\n<header>\n<h3>Video &#8211; domicil DO<\/h3>\n<p><a id=\"fb\" href=\"https:\/\/www.diekommitmanns.de\/soul3\/wp-content\/uploads\/2024\/10\/KMMs-domicil-2017.jpg\"><img decoding=\"async\" style=\"margin: 2px 2px 5px 20px; float: right; border: 1px solid #d8e0f3; padding: 5px; width: 40%;\" src=\"https:\/\/www.diekommitmanns.de\/soul3\/wp-content\/uploads\/2024\/10\/KMMs-domicil-2017.jpg\" alt=\"\" \/><\/a>&#8222;End Of The Road&#8220; &#8211; Live im domicil, Dortmund\u00a0von unser 25 Jahre Jubilee Feier.<\/p>\n<\/header>\n<p>Wow&#8230;.das war fett! Ein toller Gig mit alten Mitstreitern der Komm&#8217;s &#8230;.Big Band Feeling und unsererseits ab und zu ein Tr\u00e4nchen&#8230;.<\/p>\n<p>\u2192 <a href=\"https:\/\/www.youtube.com\/watch?v=1VLjuuANkNg\" target=\"_blank\" rel=\"noopener\">Video ansehen auf YouTube<\/a><\/p>\n<p>&nbsp;<\/p>\n<hr \/>\n<header>\n<h3>\u201eDie KOMM\u00b4 MIT MANN!s&#8220;\u00a0goes Theater<\/h3>\n<p>\u201eDie Joe Cocker Story\u201c With a little help<\/p>\n<\/header>\n<p>\u2192 <em>mehr Infos unter:<\/em> <a href=\"https:\/\/www.diekommitmanns.de\/joecockerstory\" target=\"_blank\" rel=\"noopener\">www.die-joe-cocker-story.de<\/a><\/p>\n<p><a id=\"fb\" href=\"https:\/\/www.diekommitmanns.de\/soul3\/wp-content\/uploads\/2024\/10\/terminecockerstory-abjuli2020.jpg\"><img decoding=\"async\" style=\"margin: 2px 2px 5px 20px; float: right; border: 1px solid #d8e0f3; padding: 5px; width: 40%;\" src=\"https:\/\/www.diekommitmanns.de\/soul3\/wp-content\/uploads\/2024\/10\/terminecockerstory-abjuli2020.jpg\" alt=\"\" \/><\/a>Hallo liebe Freundinnen und Freunde,<br \/>\nnach all den Jahren, in denen sich Chris weigerte sich\u00a0einzugestehen, \u201cdann und wann mal\u201c wie <a href=\"https:\/\/de.wikipedia.org\/wiki\/Joe_Cocker\" target=\"_blank\" rel=\"noopener\">Joe Cocker<\/a> zu klingen, nun die L\u00e4uterung.\u00a0Jahrelang versuchten Plattenfirmen ihn zu \u00fcberzeugen, der deutsche Joe Cocker zu werden.Schon mit 19 Jahren stand die EMI Electrola vor der T\u00fcr.\u00a0KEINE CHANCE.<br \/>\nHunderte Fans und Veranstalter versuchten ihn, \u00fcber die Jahre, nach den Gigs zu loben, mit dem immergleichen Satz: \u201cDu erinnerst mich an Joe Cocker, die Stimme, die Ausstrahlung&#8230;\u201c<br \/>\nChris quetschte sich immer ein mehr oder weniger freundliches \u201eDanke\u201c heraus und l\u00e4chelte gequ\u00e4lt.<br \/>\nNun, nach all diesen Jahren der Selbstgei\u00dfelung, nach dem Tode seines gro\u00dfen \u201cGesangszwillings\u201c Joe Cocker wird er es machen.<br \/>\nAlles ist bereitet:\u00a0Er zeichnet als Autor f\u00fcr die \u201eJoe Cocker Story\u201c, kann schauspielerisch in Joe eintauchen und hat ein kleines aber feines Theater gefunden, in dem sich das alles umsetzen l\u00e4\u00dft.<\/p>\n<p>Nat\u00fcrlich nimmt er f\u00fcr diese Mammutaufgabe seine \u201eKOMM\u00b4MIT MANN!s\u201c mit, zumindest die Mehrzahl der Band, da auf die Bl\u00e4ser Matthias und Martin aus technischen Gegebenheiten verzichtet werden mu\u00df. Wie gesagt, <a id=\"fb\" href=\"https:\/\/www.diekommitmanns.de\/soul3\/wp-content\/uploads\/2024\/10\/hansa-theater-logo-1.jpg\"><img decoding=\"async\" style=\"margin: 6px 2px 5px 20px; float: right; border: 1px solid #d8e0f3; padding: 5px; width: 40%;\" src=\"https:\/\/www.diekommitmanns.de\/soul3\/wp-content\/uploads\/2024\/10\/hansa-theater-logo-1.jpg\" alt=\"\" \/><\/a>ein kleines aber feines Theater mit gerade mal 200 Pl\u00e4tzen. Im Chor singt unsere Katja Kutz, die in diesem Theater bei Produktionen wie \u201eRing of fire\u201c und der Janis Joplin Revue \u201eCry Baby\u201c auf der B\u00fchne steht und wird erg\u00e4nzt von Schauspielerin und S\u00e4ngerin Silke Cosmar oder\u00a0Katja Gutowski.<br \/>\nAuch alle anderen \u201eKOMMs\u201c, Ziggy, Tom ,Ralf &amp; Thomas werden ihr, in anderen Theaterproduktionen schon gezeigtes, schauspielerisches K\u00f6nnen unter Beweis stellen.<br \/>\nFreut Euch darauf, wenn Chris sich in einer Art Metamorphose in Joe Cocker verwandelt, unser lieber Ziggy zum arroganten \u201eMad dogs an\u00b4English Man\u201c-Gitarristen Leon Russel mutiert,\u00a0Tom den schleimigen Manager Anthonie Dee gibt.<br \/>\nFreut Euch auf ein Eintauchen in die Zeit von Woodstock, Love and Peace, und geht mit uns den Weg von Good Old Joe Cocker \u00fcber die 80er, 90er bis ins neue Jahrtausend.<\/p>\n<p><em><span style=\"font-size: 20px;\">Die \u201eKOMMs\u201c auf anderen Wegen.<\/span><\/em><\/p>\n<p><span style=\"font-size: 11px;\">Im <a href=\"http:\/\/hansa-theater-hoerde.de\" target=\"_blank\" rel=\"noopener\">Hansa Theater H\u00f6rde<\/a><br \/>\nEckardtstr. 4a, 44263 Dortmund<br \/>\nTel: +49 231 94 14 748, Fax: +49 231 94 61 051<br \/>\nEmail: info@hansa-theater-hoerde.de <\/span><\/p>\n<h3>Spielzeit 2026:<\/h3>\n<p>\u2192 <a href=\"https:\/\/www.diekommitmanns.de\/joecockerstory\/index.php?id=termine\" target=\"_blank\" rel=\"noopener\">hier findet ihr die aktuellen Termine<\/a><\/p>\n<p>Karten gibt\u2019s, wie immer auch bei <a href=\"https:\/\/www.westticket.de\/suchergebnis\/?keyword=The+JOE+COCKER+Story&amp;date=\" target=\"_blank\" rel=\"noopener\">Eventim<\/a>.<br \/>\n<!-- Wenn Ihr die \u201eDrecksgeb\u00fchren\u201c sparen wollt, -->und auch direkt beim Theater unter:\u00a00231-9414748<br \/>\n<a href=\"mailto:Info@hansa-theater-hoerde.de?subject=Eintrittskarten%20-%20Joe%20Cocker%20Show\">Info@hansa-theater-hoerde.de<\/a>\u00a0|\u00a0<a href=\"https:\/\/www.hansa-theater-hoerde.de\" target=\"_blank\" rel=\"noopener\">www.hansa-theater-hoerde.de<\/a><\/p>\n<p>\u2192 <em>mehr Infos unter:<\/em> <a href=\"https:\/\/www.diekommitmanns.de\/joecockerstory\" target=\"_blank\" rel=\"noopener\">www.die-joe-cocker-story.de<\/a><\/p>\n<hr \/>\n","protected":false},"excerpt":{"rendered":"<p>Live Auftritte der Komm&#8217;Mit Mann!s Infos auf der Terminseite! Lokalzeit Dortmund &#8222;Die Joe Cocker Story&#8220; in der Lokalzeit Dortmund\u00a0&#8211; ab 23:43min. Bahnhof Langendreer &#8211; Bochum 2024 Sch\u00f6ne Photoserie und Konzertreview von unserem Gig im Bahnhof Langendreer &#8211; Bochum am 22.12.2024 Photos u. Review von R\u00fcdiger Schwenn &#8211; INSIDE-RUHR Genuss Pur &#8211; Iserlohn Photos von Dennis <a href=\"https:\/\/www.diekommitmanns.de\/soul3\/news\/\" class=\"more-link\">&#8230;<span class=\"screen-reader-text\">  News<\/span><\/a><\/p>\n","protected":false},"author":1,"featured_media":0,"parent":0,"menu_order":0,"comment_status":"closed","ping_status":"closed","template":"templates\/sidebar-right.php","meta":{"footnotes":""},"class_list":["post-170","page","type-page","status-publish","hentry"],"_links":{"self":[{"href":"https:\/\/www.diekommitmanns.de\/soul3\/wp-json\/wp\/v2\/pages\/170","targetHints":{"allow":["GET"]}}],"collection":[{"href":"https:\/\/www.diekommitmanns.de\/soul3\/wp-json\/wp\/v2\/pages"}],"about":[{"href":"https:\/\/www.diekommitmanns.de\/soul3\/wp-json\/wp\/v2\/types\/page"}],"author":[{"embeddable":true,"href":"https:\/\/www.diekommitmanns.de\/soul3\/wp-json\/wp\/v2\/users\/1"}],"replies":[{"embeddable":true,"href":"https:\/\/www.diekommitmanns.de\/soul3\/wp-json\/wp\/v2\/comments?post=170"}],"version-history":[{"count":22,"href":"https:\/\/www.diekommitmanns.de\/soul3\/wp-json\/wp\/v2\/pages\/170\/revisions"}],"predecessor-version":[{"id":430,"href":"https:\/\/www.diekommitmanns.de\/soul3\/wp-json\/wp\/v2\/pages\/170\/revisions\/430"}],"wp:attachment":[{"href":"https:\/\/www.diekommitmanns.de\/soul3\/wp-json\/wp\/v2\/media?parent=170"}],"curies":[{"name":"wp","href":"https:\/\/api.w.org\/{rel}","templated":true}]}}