{"id":199,"date":"2024-10-29T09:14:48","date_gmt":"2024-10-29T09:14:48","guid":{"rendered":"https:\/\/www.diekommitmanns.de\/soul3\/?page_id=199"},"modified":"2024-11-06T09:16:06","modified_gmt":"2024-11-06T09:16:06","slug":"impressum","status":"publish","type":"page","link":"https:\/\/www.diekommitmanns.de\/soul3\/impressum\/","title":{"rendered":"Impressum"},"content":{"rendered":"<p>Angaben gem\u00e4\u00df \u00a7 5 TMG<\/p>\n<p><strong>Die KOMM`MIT MANN!S<\/strong><br \/>\nChris Tanzza\u00a0|\u00a00172-2845786<br \/>\nKatja Kutz | 0176-78337980<br \/>\ne-mail |\u00a0<a href=\"mailto:info@diekommitmanns.de\">info(at)diekommitmanns.de<\/a><\/p>\n<p>Ansprechpartner: Katja Kutz | Chris Tanzza<br \/>\n<!--\t\u2192 \u00dcber das <a href=\"http:\/\/www.diekommitmanns.de\/soul1\/kontaktformular\/\">Kontaktformular <\/a>k\u00f6nnt Ihr uns ebenfalls jederzeit erreichen.\n\n--><\/p>\n<div>\n<p class=\"fusion-responsive-typography-calculated\" data-fontsize=\"22\" data-lineheight=\"26.4px\"><strong>Verbraucher\u00adstreit\u00adbeilegung\/Universal\u00adschlichtungs\u00adstelle<\/strong><\/p>\n<p>Wir sind nicht bereit oder verpflichtet, an Streitbeilegungsverfahren vor einer Verbraucherschlichtungsstelle teilzunehmen.<\/p>\n<\/div>\n<p><strong>Disclaimer \u2013 rechtliche Hinweise<\/strong><\/p>\n<p><strong>\u00a71 Warnhinweis zu Inhalten<\/strong><br \/>\nDie kostenlosen und frei zug\u00e4nglichen Inhalte dieser Webseite wurden mit gr\u00f6\u00dftm\u00f6glicher Sorgfalt erstellt. Der Anbieter dieser Webseite \u00fcbernimmt jedoch keine Gew\u00e4hr f\u00fcr die Richtigkeit und Aktualit\u00e4t der bereitgestellten kostenlosen und frei zug\u00e4nglichen journalistischen Ratgeber und Nachrichten. Namentlich gekennzeichnete Beitr\u00e4ge geben die Meinung des jeweiligen Autors und nicht immer die Meinung des Anbieters wieder. Allein durch den Aufruf der kostenlosen und frei zug\u00e4nglichen Inhalte kommt keinerlei Vertragsverh\u00e4ltnis zwischen dem Nutzer und dem Anbieter zustande, insoweit fehlt es am Rechtsbindungswillen des Anbieters.<\/p>\n<p><strong>\u00a72 Externe Links<\/strong><br \/>\nDiese Website enth\u00e4lt Verkn\u00fcpfungen zu Websites Dritter (\u201eexterne Links\u201c). Diese Websites unterliegen der Haftung der jeweiligen Betreiber. Der Anbieter hat bei der erstmaligen Verkn\u00fcpfung der externen Links die fremden Inhalte daraufhin \u00fcberpr\u00fcft, ob etwaige Rechtsverst\u00f6\u00dfe bestehen. Zu dem Zeitpunkt waren keine Rechtsverst\u00f6\u00dfe ersichtlich. Der Anbieter hat keinerlei Einfluss auf die aktuelle und zuk\u00fcnftige Gestaltung und auf die Inhalte der verkn\u00fcpften Seiten. Das Setzen von externen Links bedeutet nicht, dass sich der Anbieter die hinter dem Verweis oder Link liegenden Inhalte zu Eigen macht. Eine st\u00e4ndige Kontrolle der externen Links ist f\u00fcr den Anbieter ohne konkrete Hinweise auf Rechtsverst\u00f6\u00dfe nicht zumutbar. Bei Kenntnis von Rechtsverst\u00f6\u00dfen werden jedoch derartige externe Links unverz\u00fcglich gel\u00f6scht.<\/p>\n<p><strong>\u00a73 Urheber- und Leistungsschutzrechte<\/strong><br \/>\nDie auf dieser Website ver\u00f6ffentlichten Inhalte unterliegen dem deutschen Urheber- und Leistungsschutzrecht. Jede vom deutschen Urheber- und Leistungsschutzrecht nicht zugelassene Verwertung bedarf der vorherigen schriftlichen Zustimmung des Anbieters oder jeweiligen Rechteinhabers. Dies gilt insbesondere f\u00fcr Vervielf\u00e4ltigung, Bearbeitung, \u00dcbersetzung, Einspeicherung, Verarbeitung bzw. Wiedergabe von Inhalten in Datenbanken oder anderen elektronischen Medien und Systemen. Inhalte und Rechte Dritter sind dabei als solche gekennzeichnet. Die unerlaubte Vervielf\u00e4ltigung oder Weitergabe einzelner Inhalte oder kompletter Seiten ist nicht gestattet und strafbar. Lediglich die Herstellung von Kopien und Downloads f\u00fcr den pers\u00f6nlichen, privaten und nicht kommerziellen Gebrauch ist erlaubt.<\/p>\n<p><strong>\u00a74 Besondere Nutzungsbedingungen<\/strong><br \/>\nSoweit besondere Bedingungen f\u00fcr einzelne Nutzungen dieser Website von den vorgenannten Paragraphen abweichen, wird an entsprechender Stelle ausdr\u00fccklich darauf hingewiesen. In diesem Falle gelten im jeweiligen Einzelfall die besonderen Nutzungsbedingungen.<\/p>\n<hr \/>\n<h3>Besetzung<\/h3>\n<p>leadvoc: chris tanzza | back voc:\u00a0<a href=\"http:\/\/www.katjakutz.de\" target=\"_blank\" rel=\"noopener\">katja kutz<\/a>, <a href=\"http:\/\/www.janepalmer.de\" target=\"_blank\" rel=\"noopener\">jane palmer<\/a>, katja gutowski | drums: <a href=\"http:\/\/www.schlagzeugunterricht-dortmund.de\" target=\"_blank\" rel=\"noopener\">tom bargel<\/a> | keys: tom victor | guit: <a href=\"http:\/\/www.ziggyhorn.de\" target=\"_blank\" rel=\"noopener\">ziggy horn<\/a> | bass:\u00a0<a href=\"https:\/\/www.ralf-lohmann.de\/\" target=\"_blank\" rel=\"noopener\">ralf lohmann<\/a> | ts: <a href=\"http:\/\/www.martin-frowein.de\" target=\"_blank\" rel=\"noopener\">martin frowein<\/a> | tp:<a href=\"https:\/\/matthiasknoop.de\/\" target=\"_blank\" rel=\"noopener\">matthias knoop<\/a> | sound: <a href=\"http:\/\/www.hafibeat.de\" target=\"_blank\" rel=\"noopener\">christopher hafer<\/a><br \/>\n\u2192 <em>f\u00fcr mehr Infos zu den Musikern einfach auf die Namen clicken!<\/em><\/p>\n<hr \/>\n<p>\u2192 zur <a href=\"https:\/\/www.diekommitmanns.de\/soul3\/privacy-policy\/\">Datenschutzerkl\u00e4rung<\/a><\/p>\n","protected":false},"excerpt":{"rendered":"<p>Angaben gem\u00e4\u00df \u00a7 5 TMG Die KOMM`MIT MANN!S Chris Tanzza\u00a0|\u00a00172-2845786 Katja Kutz | 0176-78337980 e-mail |\u00a0info(at)diekommitmanns.de Ansprechpartner: Katja Kutz | Chris Tanzza Verbraucher\u00adstreit\u00adbeilegung\/Universal\u00adschlichtungs\u00adstelle Wir sind nicht bereit oder verpflichtet, an Streitbeilegungsverfahren vor einer Verbraucherschlichtungsstelle teilzunehmen. Disclaimer \u2013 rechtliche Hinweise \u00a71 Warnhinweis zu Inhalten Die kostenlosen und frei zug\u00e4nglichen Inhalte dieser Webseite wurden mit gr\u00f6\u00dftm\u00f6glicher Sorgfalt <a href=\"https:\/\/www.diekommitmanns.de\/soul3\/impressum\/\" class=\"more-link\">&#8230;<span class=\"screen-reader-text\">  Impressum<\/span><\/a><\/p>\n","protected":false},"author":1,"featured_media":0,"parent":0,"menu_order":0,"comment_status":"closed","ping_status":"closed","template":"templates\/sidebar-right.php","meta":{"footnotes":""},"class_list":["post-199","page","type-page","status-publish","hentry"],"_links":{"self":[{"href":"https:\/\/www.diekommitmanns.de\/soul3\/wp-json\/wp\/v2\/pages\/199","targetHints":{"allow":["GET"]}}],"collection":[{"href":"https:\/\/www.diekommitmanns.de\/soul3\/wp-json\/wp\/v2\/pages"}],"about":[{"href":"https:\/\/www.diekommitmanns.de\/soul3\/wp-json\/wp\/v2\/types\/page"}],"author":[{"embeddable":true,"href":"https:\/\/www.diekommitmanns.de\/soul3\/wp-json\/wp\/v2\/users\/1"}],"replies":[{"embeddable":true,"href":"https:\/\/www.diekommitmanns.de\/soul3\/wp-json\/wp\/v2\/comments?post=199"}],"version-history":[{"count":4,"href":"https:\/\/www.diekommitmanns.de\/soul3\/wp-json\/wp\/v2\/pages\/199\/revisions"}],"predecessor-version":[{"id":332,"href":"https:\/\/www.diekommitmanns.de\/soul3\/wp-json\/wp\/v2\/pages\/199\/revisions\/332"}],"wp:attachment":[{"href":"https:\/\/www.diekommitmanns.de\/soul3\/wp-json\/wp\/v2\/media?parent=199"}],"curies":[{"name":"wp","href":"https:\/\/api.w.org\/{rel}","templated":true}]}}