{"id":39,"date":"2024-10-23T17:25:08","date_gmt":"2024-10-23T17:25:08","guid":{"rendered":"https:\/\/www.diekommitmanns.de\/soul3\/?page_id=39"},"modified":"2024-10-23T17:25:08","modified_gmt":"2024-10-23T17:25:08","slug":"kontakt","status":"publish","type":"page","link":"https:\/\/www.diekommitmanns.de\/soul3\/kontakt\/","title":{"rendered":"Kontakt"},"content":{"rendered":"<p>Angaben gem\u00e4\u00df \u00a7 5 TMG<\/p>\n<p><strong>Die KOMM`MIT MANN!S<\/strong><br \/>\nChris Tanzza\u00a0|\u00a00172-2845786<br \/>\nKatja Kutz | 0176-78337980<br \/>\ne-mail |\u00a0<a href=\"mailto:info@diekommitmanns.de\">info(at)diekommitmanns.de<\/a><\/p>\n<p>Ansprechpartner: Katja Kutz | Chris Tanzza<br \/>\n<!--\t\u2192 \u00dcber das <a href=\"http:\/\/www.diekommitmanns.de\/soul1\/kontaktformular\/\">Kontaktformular <\/a>k\u00f6nnt Ihr uns ebenfalls jederzeit erreichen.\n\n--><\/p>\n<p><strong>Haftungshinweis<\/strong>: Trotz sorgf\u00e4ltiger inhaltlicher Kontrolle \u00fcbernehmen wir keine Haftung f\u00fcr die Inhalte externer Links. F\u00fcr den Inhalt der verlinkten Seiten sind ausschlie\u00dflich deren Betreiber verantwortlich.<\/p>\n<hr \/>\n<h3>Besetzung<\/h3>\n<p>leadvoc: chris tanzza | back voc:\u00a0<a href=\"http:\/\/www.katjakutz.de\" target=\"_blank\" rel=\"noopener\">katja kutz<\/a>, <a href=\"http:\/\/www.janepalmer.de\" target=\"_blank\" rel=\"noopener\">jane palmer<\/a>, katja gutowski | drums: <a href=\"http:\/\/www.schlagzeugunterricht-dortmund.de\" target=\"_blank\" rel=\"noopener\">tom bargel<\/a> | keys: tom victor | guit: <a href=\"http:\/\/www.ziggyhorn.de\" target=\"_blank\" rel=\"noopener\">ziggy horn<\/a> | bass:\u00a0<a href=\"https:\/\/www.ralf-lohmann.de\/\" target=\"_blank\" rel=\"noopener\">ralf lohmann<\/a> | ts: <a href=\"http:\/\/www.martin-frowein.de\" target=\"_blank\" rel=\"noopener\">martin frowein<\/a> | tp:<a href=\"https:\/\/matthiasknoop.de\/\" target=\"_blank\" rel=\"noopener\">matthias knoop<\/a> | sound: <a href=\"http:\/\/www.hafibeat.de\" target=\"_blank\" rel=\"noopener\">christopher hafer<\/a><br \/>\n\u2192 <em>f\u00fcr mehr Infos zu den Musikern einfach auf die Namen clicken!<\/em><\/p>\n<hr \/>\n","protected":false},"excerpt":{"rendered":"<p>Angaben gem\u00e4\u00df \u00a7 5 TMG Die KOMM`MIT MANN!S Chris Tanzza\u00a0|\u00a00172-2845786 Katja Kutz | 0176-78337980 e-mail |\u00a0info(at)diekommitmanns.de Ansprechpartner: Katja Kutz | Chris Tanzza Haftungshinweis: Trotz sorgf\u00e4ltiger inhaltlicher Kontrolle \u00fcbernehmen wir keine Haftung f\u00fcr die Inhalte externer Links. F\u00fcr den Inhalt der verlinkten Seiten sind ausschlie\u00dflich deren Betreiber verantwortlich. Besetzung leadvoc: chris tanzza | back voc:\u00a0katja kutz, <a href=\"https:\/\/www.diekommitmanns.de\/soul3\/kontakt\/\" class=\"more-link\">&#8230;<span class=\"screen-reader-text\">  Kontakt<\/span><\/a><\/p>\n","protected":false},"author":1,"featured_media":0,"parent":0,"menu_order":0,"comment_status":"closed","ping_status":"closed","template":"templates\/sidebar-right.php","meta":{"footnotes":""},"class_list":["post-39","page","type-page","status-publish","hentry"],"_links":{"self":[{"href":"https:\/\/www.diekommitmanns.de\/soul3\/wp-json\/wp\/v2\/pages\/39","targetHints":{"allow":["GET"]}}],"collection":[{"href":"https:\/\/www.diekommitmanns.de\/soul3\/wp-json\/wp\/v2\/pages"}],"about":[{"href":"https:\/\/www.diekommitmanns.de\/soul3\/wp-json\/wp\/v2\/types\/page"}],"author":[{"embeddable":true,"href":"https:\/\/www.diekommitmanns.de\/soul3\/wp-json\/wp\/v2\/users\/1"}],"replies":[{"embeddable":true,"href":"https:\/\/www.diekommitmanns.de\/soul3\/wp-json\/wp\/v2\/comments?post=39"}],"version-history":[{"count":1,"href":"https:\/\/www.diekommitmanns.de\/soul3\/wp-json\/wp\/v2\/pages\/39\/revisions"}],"predecessor-version":[{"id":40,"href":"https:\/\/www.diekommitmanns.de\/soul3\/wp-json\/wp\/v2\/pages\/39\/revisions\/40"}],"wp:attachment":[{"href":"https:\/\/www.diekommitmanns.de\/soul3\/wp-json\/wp\/v2\/media?parent=39"}],"curies":[{"name":"wp","href":"https:\/\/api.w.org\/{rel}","templated":true}]}}