{"id":58,"date":"2024-10-23T20:12:17","date_gmt":"2024-10-23T20:12:17","guid":{"rendered":"https:\/\/www.diekommitmanns.de\/soul3\/?page_id=58"},"modified":"2026-03-12T12:01:55","modified_gmt":"2026-03-12T12:01:55","slug":"presse","status":"publish","type":"page","link":"https:\/\/www.diekommitmanns.de\/soul3\/presse\/","title":{"rendered":"Presse"},"content":{"rendered":"<h3>Pressephotos<\/h3>\n<div class=\"su-custom-gallery su-custom-gallery-align-left su-custom-gallery-title-hover\"><div class=\"su-custom-gallery-slide\" style=\"width:240px;height:180px\"><a href=\"https:\/\/www.diekommitmanns.de\/soul3\/wp-content\/uploads\/2024\/10\/pressefoto01-kmms-3000.jpg\" title=\"pressefoto01-kmms-3000\"><img loading=\"lazy\" decoding=\"async\" src=\"https:\/\/www.diekommitmanns.de\/soul3\/wp-content\/uploads\/2024\/10\/pressefoto01-kmms-3000-240x180.jpg\" alt=\"pressefoto01-kmms-3000\" width=\"240\" height=\"180\" \/><span class=\"su-custom-gallery-title\">pressefoto01-kmms-3000<\/span><\/a><\/div><div class=\"su-custom-gallery-slide\" style=\"width:240px;height:180px\"><a href=\"https:\/\/www.diekommitmanns.de\/soul3\/wp-content\/uploads\/2024\/11\/KMMs-Presse2024.jpg\" title=\"KMMs-Presse2024\"><img loading=\"lazy\" decoding=\"async\" src=\"https:\/\/www.diekommitmanns.de\/soul3\/wp-content\/uploads\/2024\/11\/KMMs-Presse2024-240x180.jpg\" alt=\"KMMs-Presse2024\" width=\"240\" height=\"180\" \/><span class=\"su-custom-gallery-title\">KMMs-Presse2024<\/span><\/a><\/div><div class=\"su-custom-gallery-slide\" style=\"width:240px;height:180px\"><a href=\"https:\/\/www.diekommitmanns.de\/soul3\/wp-content\/uploads\/2024\/10\/pressefoto03-kmms-3000.jpg\" title=\"pressefoto03-kmms-3000\"><img loading=\"lazy\" decoding=\"async\" src=\"https:\/\/www.diekommitmanns.de\/soul3\/wp-content\/uploads\/2024\/10\/pressefoto03-kmms-3000-240x180.jpg\" alt=\"pressefoto03-kmms-3000\" width=\"240\" height=\"180\" \/><span class=\"su-custom-gallery-title\">pressefoto03-kmms-3000<\/span><\/a><\/div><div class=\"su-clear\"><\/div><\/div>\n<p>\u2192 <strong>Download<\/strong> | <span style=\"font-size: 8pt;\">Bild \u00f6ffnen \u2192 <\/span><span style=\"font-size: 8pt;\">rechter Mausclick auf das\u00a0 Bild \u2192 Bild speichern<\/span><\/p>\n<hr \/>\n<table style=\"border-collapse: collapse; width: 98.9345%;\">\n<tbody>\n<tr>\n<td style=\"width: 11.1163%;\"><img loading=\"lazy\" decoding=\"async\" class=\"alignnone wp-image-290\" src=\"https:\/\/www.diekommitmanns.de\/soul3\/wp-content\/uploads\/2024\/11\/pdf-icon-free.png\" alt=\"\" width=\"59\" height=\"59\" srcset=\"https:\/\/www.diekommitmanns.de\/soul3\/wp-content\/uploads\/2024\/11\/pdf-icon-free.png 256w, https:\/\/www.diekommitmanns.de\/soul3\/wp-content\/uploads\/2024\/11\/pdf-icon-free-150x150.png 150w\" sizes=\"auto, (max-width: 59px) 100vw, 59px\" \/><\/td>\n<td style=\"width: 179.243%; vertical-align: middle;\">\u2192\u00a0<strong>Download <a href=\"https:\/\/www.diekommitmanns.de\/soul3\/wp-content\/uploads\/2025\/01\/KMMs-INFO-Paket.zip\" target=\"_blank\" rel=\"noopener\">INFO-Paket<\/a><br \/>\n<\/strong>\u00a0\u00a0\u00a0\u00a0<span style=\"font-size: 10pt;\">(Pressefoto, Pressetext, Plakat, B\u00fchnenrider als zip-Datei)<\/span><\/td>\n<\/tr>\n<\/tbody>\n<\/table>\n<hr \/>\n<h3>Infotext<\/h3>\n<p><strong>1992<\/strong>: Der Alan Parker Film \u201e<em><strong>The Commitments<\/strong><\/em>&#8220; l\u00e4uft in den Kinos.<br \/>\nS\u00e4nger Chris Tanzza sieht ihn und ruft hektisch und euphorisch die Soulmusiker des Ruhrgebietes zusammen.<br \/>\nDie \u201e<strong>Komm Mit\u00b4Mann!s<\/strong>\u201c sind geboren.\u00a0Schon die ersten Auftritte werden zum gro\u00dfen Erfolg.<br \/>\nAusverkaufte Clubs, umjubelte Festivalauftritte.<br \/>\nDie Renaissance des Souls in Deutschland ist gelungen.<\/p>\n<p><strong>2025<\/strong>: Jetzt, 33 Jahre nach Gr\u00fcndung der \u201eKomm\u00b4s\u201c, nach \u00fcber 1400 Auftritten im In-und Ausland, nach 100 tausenden gefressenen Autobahnkm, nach Gigs mit Soulgr\u00f6\u00dfen, wie z.B. \u201eThe Temptations\u201c und dem Godfather James Brown, gilt die Band l\u00e4ngst als Kult, ist immer noch auf ihrer \u201eneverending Tour\u201c, frischer den je, mit ihrer Jubilee-CD im Gep\u00e4ck.<br \/>\nFans der ersten Stunde kommen inzwischen mit ihren Kids, um die Hits der gro\u00dfen Soulaera, wie \u201eMustang Sally\u201c, \u201cDock of the bay\u201c, \u201cRespect\u201c, etc. zu h\u00f6ren und zu feiern.<br \/>\nDie \u201eKomm\u00b4s\u201c haben im Laufe der Jahre ihren ureigenen Stil kreiert, mit Chris Tanzza, der, laut Presse, schw\u00e4rzesten wei\u00dfen Stimme des Ruhrgebiets, dem unvergleichlichen weiblichen Backingchor, der auch\u00a0solistisch brilliert\u00a0und der unerm\u00fcdlich schuftenden, groovenden Band mit ihrem treibendem Bl\u00e4sersatz.<br \/>\nEine einzigartige Soulshow, eine Reminiszenz an die 60er Soulaera. Jeder Auftritt bis zur Ersch\u00f6pfung ausgekostet, sowohl von der Band, als auch vom Publikum.<br \/>\n2012 stellten \u201eDie Komm\u00b4Mit Mann!s\u201c ihre Jubilee-CD mit eigenen Songs, ganz im Stil der 60ger und 70ger Jahre vor, mit der sie sich und auch ihrem Publikum einen Wunsch erf\u00fcllt haben. Nat\u00fcrlich werden\u00a0auch alle gro\u00dfen Soulklassiker gespielt.<br \/>\nEs steht eine lange und schwei\u00dftreibende Soulnacht an!<\/p>\n<h3 style=\"color: #aaa; font-style: italic;\">&#8222;We\u00b4re feelin\u00b4kinda soulsick,&#8230;..<br \/>\nBut the crowd called out for more!&#8220;<\/h3>\n<hr \/>\n<table style=\"border-collapse: collapse; width: 98.9345%;\">\n<tbody>\n<tr>\n<td style=\"width: 11.1163%;\"><img loading=\"lazy\" decoding=\"async\" class=\"alignnone wp-image-290\" src=\"https:\/\/www.diekommitmanns.de\/soul3\/wp-content\/uploads\/2024\/11\/pdf-icon-free.png\" alt=\"\" width=\"59\" height=\"59\" srcset=\"https:\/\/www.diekommitmanns.de\/soul3\/wp-content\/uploads\/2024\/11\/pdf-icon-free.png 256w, https:\/\/www.diekommitmanns.de\/soul3\/wp-content\/uploads\/2024\/11\/pdf-icon-free-150x150.png 150w\" sizes=\"auto, (max-width: 59px) 100vw, 59px\" \/><\/td>\n<td style=\"width: 179.243%; vertical-align: middle;\">\u2192\u00a0<strong>Download <a href=\"https:\/\/www.diekommitmanns.de\/soul3\/wp-content\/uploads\/2024\/11\/Pressetext-KMMs.pdf\" target=\"_blank\" rel=\"noopener\">Pressetext als PDF<\/a>\u00a0<\/strong><\/td>\n<\/tr>\n<\/tbody>\n<\/table>\n<h3>Plakat<\/h3>\n<figure id=\"attachment_314\" aria-describedby=\"caption-attachment-314\" style=\"width: 725px\" class=\"wp-caption alignnone\"><a href=\"https:\/\/www.diekommitmanns.de\/soul3\/wp-content\/uploads\/2024\/11\/Plakat-DIN-A1_150dpi-b.jpg\"><img loading=\"lazy\" decoding=\"async\" class=\"size-large wp-image-314\" src=\"https:\/\/www.diekommitmanns.de\/soul3\/wp-content\/uploads\/2024\/11\/Plakat-DIN-A1_150dpi-b-725x1024.jpg\" alt=\"\" width=\"725\" height=\"1024\" srcset=\"https:\/\/www.diekommitmanns.de\/soul3\/wp-content\/uploads\/2024\/11\/Plakat-DIN-A1_150dpi-b-725x1024.jpg 725w, https:\/\/www.diekommitmanns.de\/soul3\/wp-content\/uploads\/2024\/11\/Plakat-DIN-A1_150dpi-b-212x300.jpg 212w\" sizes=\"auto, (max-width: 725px) 100vw, 725px\" \/><\/a><figcaption id=\"caption-attachment-314\" class=\"wp-caption-text\">Die Komm&#8217;Mit Mann!s &#8211; Plakat<\/figcaption><\/figure>\n<h3>Logo<\/h3>\n<p><a href=\"https:\/\/www.diekommitmanns.de\/soul3\/wp-content\/uploads\/2024\/11\/LOGO1920-tranz.png\"><img loading=\"lazy\" decoding=\"async\" class=\"alignnone wp-image-324 size-large\" src=\"https:\/\/www.diekommitmanns.de\/soul3\/wp-content\/uploads\/2024\/11\/LOGO1920-tranz-1024x257.png\" alt=\"\" width=\"1024\" height=\"257\" \/><\/a><\/p>\n","protected":false},"excerpt":{"rendered":"<p>Pressephotos \u2192 Download | Bild \u00f6ffnen \u2192 rechter Mausclick auf das\u00a0 Bild \u2192 Bild speichern \u2192\u00a0Download INFO-Paket \u00a0\u00a0\u00a0\u00a0(Pressefoto, Pressetext, Plakat, B\u00fchnenrider als zip-Datei) Infotext 1992: Der Alan Parker Film \u201eThe Commitments&#8220; l\u00e4uft in den Kinos. S\u00e4nger Chris Tanzza sieht ihn und ruft hektisch und euphorisch die Soulmusiker des Ruhrgebietes zusammen. Die \u201eKomm Mit\u00b4Mann!s\u201c sind geboren.\u00a0Schon <a href=\"https:\/\/www.diekommitmanns.de\/soul3\/presse\/\" class=\"more-link\">&#8230;<span class=\"screen-reader-text\">  Presse<\/span><\/a><\/p>\n","protected":false},"author":1,"featured_media":0,"parent":0,"menu_order":0,"comment_status":"closed","ping_status":"closed","template":"templates\/sidebar-right.php","meta":{"footnotes":""},"class_list":["post-58","page","type-page","status-publish","hentry"],"_links":{"self":[{"href":"https:\/\/www.diekommitmanns.de\/soul3\/wp-json\/wp\/v2\/pages\/58","targetHints":{"allow":["GET"]}}],"collection":[{"href":"https:\/\/www.diekommitmanns.de\/soul3\/wp-json\/wp\/v2\/pages"}],"about":[{"href":"https:\/\/www.diekommitmanns.de\/soul3\/wp-json\/wp\/v2\/types\/page"}],"author":[{"embeddable":true,"href":"https:\/\/www.diekommitmanns.de\/soul3\/wp-json\/wp\/v2\/users\/1"}],"replies":[{"embeddable":true,"href":"https:\/\/www.diekommitmanns.de\/soul3\/wp-json\/wp\/v2\/comments?post=58"}],"version-history":[{"count":37,"href":"https:\/\/www.diekommitmanns.de\/soul3\/wp-json\/wp\/v2\/pages\/58\/revisions"}],"predecessor-version":[{"id":477,"href":"https:\/\/www.diekommitmanns.de\/soul3\/wp-json\/wp\/v2\/pages\/58\/revisions\/477"}],"wp:attachment":[{"href":"https:\/\/www.diekommitmanns.de\/soul3\/wp-json\/wp\/v2\/media?parent=58"}],"curies":[{"name":"wp","href":"https:\/\/api.w.org\/{rel}","templated":true}]}}