{"id":6,"date":"2024-10-23T16:26:33","date_gmt":"2024-10-23T16:26:33","guid":{"rendered":"https:\/\/www.diekommitmanns.de\/soul3\/?page_id=6"},"modified":"2025-01-27T11:16:22","modified_gmt":"2025-01-27T11:16:22","slug":"home","status":"publish","type":"page","link":"https:\/\/www.diekommitmanns.de\/soul3\/","title":{"rendered":"Home"},"content":{"rendered":"<p><strong>1992<\/strong>: Der Alan Parker Film \u201e<strong><em>The Commitments<\/em><\/strong>&#8220; l\u00e4uft in den Kinos. S\u00e4nger Chris Tanzza sieht ihn und ruft hektisch und euphorisch die Soulmusiker des Ruhrgebietes zusammen. Die \u201e<strong>Komm Mit\u00b4Mann!s<\/strong>\u201c sind geboren.\u00a0Schon die ersten Auftritte werden zum gro\u00dfen Erfolg. Ausverkaufte Clubs, umjubelte Festivalauftritte.<br \/>\nDie Renaissance des Souls in Deutschland ist gelungen.<\/p>\n<p><strong>2025:<\/strong> Jetzt, 33 Jahre nach Gr\u00fcndung der \u201eKomm\u00b4s\u201c, nach \u00fcber 1400 Auftritten im In-und Ausland, nach 100 tausenden gefressenen Autobahnkm, nach Gigs mit Soulgr\u00f6\u00dfen, wie z.B. \u201eThe Temptations\u201c und dem Godfather James Brown, gilt die Band l\u00e4ngst als Kult, ist immer noch auf ihrer \u201eneverending Tour\u201c, frischer den je, mit ihrer Jubilee-CD im Gep\u00e4ck.<\/p>\n<p><a href=\"https:\/\/www.diekommitmanns.de\/soul3\/wp-content\/uploads\/2024\/10\/kmms-iserlohn-08.2023-011.jpg\"><img decoding=\"async\" class=\"alignleft wp-image-168 size-full\" style=\"border: 1px solid #d8e0f3; padding: 5px;\" src=\"https:\/\/www.diekommitmanns.de\/soul3\/wp-content\/uploads\/2024\/10\/kmms-iserlohn-08.2023-011.jpg\" alt=\"\" width=\"50%\" srcset=\"https:\/\/www.diekommitmanns.de\/soul3\/wp-content\/uploads\/2024\/10\/kmms-iserlohn-08.2023-011.jpg 940w, https:\/\/www.diekommitmanns.de\/soul3\/wp-content\/uploads\/2024\/10\/kmms-iserlohn-08.2023-011-300x200.jpg 300w\" sizes=\"(max-width: 940px) 100vw, 940px\" \/><\/a>Fans der ersten Stunde kommen inzwischen mit ihren Kids, um die Hits der gro\u00dfen Soulaera, wie \u201e<em>Mustang Sally<\/em>\u201c, \u201c<em>Dock of the bay<\/em>\u201c, \u201c<em>Respect<\/em>\u201c, etc. zu h\u00f6ren und zu feiern. Die \u201eKomm\u00b4s\u201c haben im Laufe der Jahre ihren ureigenen Stil kreiert, mit Chris Tanzza, der, laut Presse,\u00a0<strong>schw\u00e4rzesten wei\u00dfen Stimme des Ruhrgebiets<\/strong>, dem unvergleichlichen weiblichen Backingchor, der auch solistisch brilliert und der unerm\u00fcdlich schuftenden, groovenden Band mit ihrem treibendem Bl\u00e4sersatz.<\/p>\n<p>Eine einzigartige Soulshow, eine Reminiszenz an die 60er Soulaera. Jeder Auftritt bis zur Ersch\u00f6pfung ausgekostet, sowohl von der Band, als auch vom Publikum. 2012 stellten \u201eDie Komm\u00b4Mit Mann!s\u201c ihre Jubilee-CD mit eigenen Songs, ganz im Stil der 60ger und 70ger Jahre vor, mit der sie sich und auch ihrem Publikum einen Wunsch erf\u00fcllt haben. Nat\u00fcrlich werden auch alle gro\u00dfen Soulklassiker gespielt.<br \/>\nEs steht eine lange und schwei\u00dftreibende Soulnacht an!<\/p>\n<blockquote><p><span style=\"font-size: 24pt;\">&#8222;We\u00b4re feelin\u00b4kinda soulsick,&#8230;..<br \/>\nBut the crowd called out for more!&#8220;<\/span><\/p><\/blockquote>\n","protected":false},"excerpt":{"rendered":"<p>1992: Der Alan Parker Film \u201eThe Commitments&#8220; l\u00e4uft in den Kinos. S\u00e4nger Chris Tanzza sieht ihn und ruft hektisch und euphorisch die Soulmusiker des Ruhrgebietes zusammen. Die \u201eKomm Mit\u00b4Mann!s\u201c sind geboren.\u00a0Schon die ersten Auftritte werden zum gro\u00dfen Erfolg. Ausverkaufte Clubs, umjubelte Festivalauftritte. Die Renaissance des Souls in Deutschland ist gelungen. 2025: Jetzt, 33 Jahre nach <a href=\"https:\/\/www.diekommitmanns.de\/soul3\/\" class=\"more-link\">&#8230;<span class=\"screen-reader-text\">  Home<\/span><\/a><\/p>\n","protected":false},"author":1,"featured_media":0,"parent":0,"menu_order":0,"comment_status":"closed","ping_status":"closed","template":"templates\/sidebar-right.php","meta":{"footnotes":""},"class_list":["post-6","page","type-page","status-publish","hentry"],"_links":{"self":[{"href":"https:\/\/www.diekommitmanns.de\/soul3\/wp-json\/wp\/v2\/pages\/6","targetHints":{"allow":["GET"]}}],"collection":[{"href":"https:\/\/www.diekommitmanns.de\/soul3\/wp-json\/wp\/v2\/pages"}],"about":[{"href":"https:\/\/www.diekommitmanns.de\/soul3\/wp-json\/wp\/v2\/types\/page"}],"author":[{"embeddable":true,"href":"https:\/\/www.diekommitmanns.de\/soul3\/wp-json\/wp\/v2\/users\/1"}],"replies":[{"embeddable":true,"href":"https:\/\/www.diekommitmanns.de\/soul3\/wp-json\/wp\/v2\/comments?post=6"}],"version-history":[{"count":10,"href":"https:\/\/www.diekommitmanns.de\/soul3\/wp-json\/wp\/v2\/pages\/6\/revisions"}],"predecessor-version":[{"id":369,"href":"https:\/\/www.diekommitmanns.de\/soul3\/wp-json\/wp\/v2\/pages\/6\/revisions\/369"}],"wp:attachment":[{"href":"https:\/\/www.diekommitmanns.de\/soul3\/wp-json\/wp\/v2\/media?parent=6"}],"curies":[{"name":"wp","href":"https:\/\/api.w.org\/{rel}","templated":true}]}}